{"id":1773,"date":"2022-07-06T22:01:44","date_gmt":"2022-07-06T22:01:44","guid":{"rendered":"https:\/\/sominastock.com\/?page_id=1773"},"modified":"2022-08-22T19:10:48","modified_gmt":"2022-08-22T19:10:48","slug":"quienes-somos","status":"publish","type":"page","link":"https:\/\/sominastock.com\/index.php\/quienes-somos\/","title":{"rendered":"\u00bfQui\u00e9nes Somos?"},"content":{"rendered":"\n<p class=\"has-text-align-left has-vivid-cyan-blue-color has-text-color\">Somina Stock<\/p>\n\n\n\n<p class=\"has-text-align-center has-white-background-color has-background\"><strong><mark style=\"background-color:rgba(0, 0, 0, 0)\" class=\"has-inline-color has-vivid-cyan-blue-color\">\u00a1 Conoce a Somina !<\/mark><\/strong><\/p>\n\n\n\n<p class=\"has-vivid-cyan-blue-color has-text-color\">Somina odontolog\u00eda es un empresa especializada en la comercializaci\u00f3n de repuesto dentales para m\u00f3dulos y unidades odontol\u00f3gicas. Ofreciendo una garant\u00eda a la calidad de nuestros productos.<\/p>\n\n\n\n<p class=\"has-vivid-cyan-blue-color has-text-color\">Es un afiliado de una empresa fabricadora de repuestos dentales con a\u00f1os en este sector. Adem\u00e1s nos aseguramos que los productos satisfagan con todas las necesidades de nuestros cliente.<\/p>\n\n\n\n<p class=\"has-vivid-cyan-blue-color has-text-color\">Cumpliendo as\u00ed el manteniendo a la calidad que es caracter\u00edstico de nuestra empresa.<\/p>\n\n\n\n<p class=\"has-vivid-cyan-blue-color has-text-color\">En Somina nos alegra que cada uno de nuestros productos cumplan con su objetivo de facilitar el trabajo a los clientes contando por su facilidad en el uso del producto , ayud\u00e1ndolos en la precisi\u00f3n de su tiempo con su trabajo o simplificando cualquieras de sus procesos.<\/p>\n\n\n\n<p class=\"has-vivid-cyan-blue-color has-text-color\">Como resultado se mantiene una calidad de primera en los producto y tus clientes plenamente satisfecho con tu trabajo.<\/p>\n\n\n\n<p class=\"has-text-align-center has-vivid-cyan-blue-color has-text-color\"><strong>\u00bfPor qu\u00e9 elegirnos?<\/strong><\/p>\n\n\n\n<div class=\"wp-block-columns is-layout-flex wp-container-core-columns-is-layout-28f84493 wp-block-columns-is-layout-flex\">\n<div class=\"wp-block-column is-layout-flow wp-block-column-is-layout-flow\" style=\"flex-basis:100%\">\n<div class=\"wp-block-columns is-layout-flex wp-container-core-columns-is-layout-28f84493 wp-block-columns-is-layout-flex\">\n<div class=\"wp-block-column is-layout-flow wp-block-column-is-layout-flow\">\n<figure class=\"wp-block-image size-full\"><img loading=\"lazy\" decoding=\"async\" width=\"512\" height=\"512\" src=\"http:\/\/sominastock.com\/wp-content\/uploads\/2022\/07\/4869595-1.png\" alt=\"\" class=\"wp-image-1817\" srcset=\"https:\/\/sominastock.com\/wp-content\/uploads\/2022\/07\/4869595-1.png 512w, https:\/\/sominastock.com\/wp-content\/uploads\/2022\/07\/4869595-1-300x300.png 300w, https:\/\/sominastock.com\/wp-content\/uploads\/2022\/07\/4869595-1-150x150.png 150w, https:\/\/sominastock.com\/wp-content\/uploads\/2022\/07\/4869595-1-324x324.png 324w, https:\/\/sominastock.com\/wp-content\/uploads\/2022\/07\/4869595-1-416x416.png 416w, https:\/\/sominastock.com\/wp-content\/uploads\/2022\/07\/4869595-1-100x100.png 100w\" sizes=\"auto, (max-width: 512px) 100vw, 512px\" \/><\/figure>\n<\/div>\n\n\n\n<div class=\"wp-block-column is-layout-flow wp-block-column-is-layout-flow\">\n<figure class=\"wp-block-image size-full\"><img loading=\"lazy\" decoding=\"async\" width=\"512\" height=\"512\" src=\"http:\/\/sominastock.com\/wp-content\/uploads\/2022\/07\/4149881.png\" alt=\"\" class=\"wp-image-1816\" srcset=\"https:\/\/sominastock.com\/wp-content\/uploads\/2022\/07\/4149881.png 512w, https:\/\/sominastock.com\/wp-content\/uploads\/2022\/07\/4149881-300x300.png 300w, https:\/\/sominastock.com\/wp-content\/uploads\/2022\/07\/4149881-150x150.png 150w, https:\/\/sominastock.com\/wp-content\/uploads\/2022\/07\/4149881-324x324.png 324w, https:\/\/sominastock.com\/wp-content\/uploads\/2022\/07\/4149881-416x416.png 416w, https:\/\/sominastock.com\/wp-content\/uploads\/2022\/07\/4149881-100x100.png 100w\" sizes=\"auto, (max-width: 512px) 100vw, 512px\" \/><\/figure>\n<\/div>\n\n\n\n<div class=\"wp-block-column is-layout-flow wp-block-column-is-layout-flow\">\n<figure class=\"wp-block-image size-full\"><img loading=\"lazy\" decoding=\"async\" width=\"300\" height=\"300\" src=\"http:\/\/sominastock.com\/wp-content\/uploads\/2022\/07\/1067566-300x300-1.png\" alt=\"\" class=\"wp-image-1774\" srcset=\"https:\/\/sominastock.com\/wp-content\/uploads\/2022\/07\/1067566-300x300-1.png 300w, https:\/\/sominastock.com\/wp-content\/uploads\/2022\/07\/1067566-300x300-1-150x150.png 150w, https:\/\/sominastock.com\/wp-content\/uploads\/2022\/07\/1067566-300x300-1-100x100.png 100w\" sizes=\"auto, (max-width: 300px) 100vw, 300px\" \/><\/figure>\n<\/div>\n<\/div>\n<\/div>\n<\/div>\n","protected":false},"excerpt":{"rendered":"<p>Somina Stock \u00a1 Conoce a Somina ! Somina odontolog\u00eda es un empresa especializada en la comercializaci\u00f3n de repuesto dentales para m\u00f3dulos y unidades odontol\u00f3gicas. Ofreciendo una garant\u00eda a la calidad de nuestros productos. Es un afiliado de una empresa fabricadora de repuestos dentales con a\u00f1os en este sector. Adem\u00e1s nos aseguramos que los productos satisfagan [&hellip;]<\/p>\n","protected":false},"author":2,"featured_media":0,"parent":0,"menu_order":0,"comment_status":"closed","ping_status":"closed","template":"","meta":{"footnotes":""},"class_list":["post-1773","page","type-page","status-publish","hentry"],"yoast_head":"<!-- This site is optimized with the Yoast SEO plugin v27.4 - https:\/\/yoast.com\/product\/yoast-seo-wordpress\/ -->\n<title>\u00bfQui\u00e9nes Somos? - Repuestos Dentales Somina<\/title>\n<meta name=\"robots\" content=\"index, follow, max-snippet:-1, max-image-preview:large, max-video-preview:-1\" \/>\n<link rel=\"canonical\" href=\"https:\/\/sominastock.com\/index.php\/quienes-somos\/\" \/>\n<meta property=\"og:locale\" content=\"es_ES\" \/>\n<meta property=\"og:type\" content=\"article\" \/>\n<meta property=\"og:title\" content=\"\u00bfQui\u00e9nes Somos? - Repuestos Dentales Somina\" \/>\n<meta property=\"og:description\" content=\"Somina Stock \u00a1 Conoce a Somina ! Somina odontolog\u00eda es un empresa especializada en la comercializaci\u00f3n de repuesto dentales para m\u00f3dulos y unidades odontol\u00f3gicas. Ofreciendo una garant\u00eda a la calidad de nuestros productos. Es un afiliado de una empresa fabricadora de repuestos dentales con a\u00f1os en este sector. Adem\u00e1s nos aseguramos que los productos satisfagan [&hellip;]\" \/>\n<meta property=\"og:url\" content=\"https:\/\/sominastock.com\/index.php\/quienes-somos\/\" \/>\n<meta property=\"og:site_name\" content=\"Repuestos Dentales Somina\" \/>\n<meta property=\"article:modified_time\" content=\"2022-08-22T19:10:48+00:00\" \/>\n<meta property=\"og:image\" content=\"http:\/\/sominastock.com\/wp-content\/uploads\/2022\/07\/4869595-1.png\" \/>\n<meta name=\"twitter:card\" content=\"summary_large_image\" \/>\n<meta name=\"twitter:label1\" content=\"Tiempo de lectura\" \/>\n\t<meta name=\"twitter:data1\" content=\"1 minuto\" \/>\n<script type=\"application\/ld+json\" class=\"yoast-schema-graph\">{\"@context\":\"https:\\\/\\\/schema.org\",\"@graph\":[{\"@type\":\"WebPage\",\"@id\":\"https:\\\/\\\/sominastock.com\\\/index.php\\\/quienes-somos\\\/\",\"url\":\"https:\\\/\\\/sominastock.com\\\/index.php\\\/quienes-somos\\\/\",\"name\":\"\u00bfQui\u00e9nes Somos? - Repuestos Dentales Somina\",\"isPartOf\":{\"@id\":\"https:\\\/\\\/sominastock.com\\\/#website\"},\"primaryImageOfPage\":{\"@id\":\"https:\\\/\\\/sominastock.com\\\/index.php\\\/quienes-somos\\\/#primaryimage\"},\"image\":{\"@id\":\"https:\\\/\\\/sominastock.com\\\/index.php\\\/quienes-somos\\\/#primaryimage\"},\"thumbnailUrl\":\"http:\\\/\\\/sominastock.com\\\/wp-content\\\/uploads\\\/2022\\\/07\\\/4869595-1.png\",\"datePublished\":\"2022-07-06T22:01:44+00:00\",\"dateModified\":\"2022-08-22T19:10:48+00:00\",\"breadcrumb\":{\"@id\":\"https:\\\/\\\/sominastock.com\\\/index.php\\\/quienes-somos\\\/#breadcrumb\"},\"inLanguage\":\"es\",\"potentialAction\":[{\"@type\":\"ReadAction\",\"target\":[\"https:\\\/\\\/sominastock.com\\\/index.php\\\/quienes-somos\\\/\"]}]},{\"@type\":\"ImageObject\",\"inLanguage\":\"es\",\"@id\":\"https:\\\/\\\/sominastock.com\\\/index.php\\\/quienes-somos\\\/#primaryimage\",\"url\":\"http:\\\/\\\/sominastock.com\\\/wp-content\\\/uploads\\\/2022\\\/07\\\/4869595-1.png\",\"contentUrl\":\"http:\\\/\\\/sominastock.com\\\/wp-content\\\/uploads\\\/2022\\\/07\\\/4869595-1.png\"},{\"@type\":\"BreadcrumbList\",\"@id\":\"https:\\\/\\\/sominastock.com\\\/index.php\\\/quienes-somos\\\/#breadcrumb\",\"itemListElement\":[{\"@type\":\"ListItem\",\"position\":1,\"name\":\"Portada\",\"item\":\"https:\\\/\\\/sominastock.com\\\/\"},{\"@type\":\"ListItem\",\"position\":2,\"name\":\"\u00bfQui\u00e9nes Somos?\"}]},{\"@type\":\"WebSite\",\"@id\":\"https:\\\/\\\/sominastock.com\\\/#website\",\"url\":\"https:\\\/\\\/sominastock.com\\\/\",\"name\":\"Repuestos Dentales Somina\",\"description\":\"Repuestos para unidades dentales\",\"publisher\":{\"@id\":\"https:\\\/\\\/sominastock.com\\\/#organization\"},\"potentialAction\":[{\"@type\":\"SearchAction\",\"target\":{\"@type\":\"EntryPoint\",\"urlTemplate\":\"https:\\\/\\\/sominastock.com\\\/?s={search_term_string}\"},\"query-input\":{\"@type\":\"PropertyValueSpecification\",\"valueRequired\":true,\"valueName\":\"search_term_string\"}}],\"inLanguage\":\"es\"},{\"@type\":\"Organization\",\"@id\":\"https:\\\/\\\/sominastock.com\\\/#organization\",\"name\":\"Repuestos Dentales Somina\",\"url\":\"https:\\\/\\\/sominastock.com\\\/\",\"logo\":{\"@type\":\"ImageObject\",\"inLanguage\":\"es\",\"@id\":\"https:\\\/\\\/sominastock.com\\\/#\\\/schema\\\/logo\\\/image\\\/\",\"url\":\"https:\\\/\\\/sominastock.com\\\/wp-content\\\/uploads\\\/2024\\\/10\\\/cropped-icono-Photoroom.png\",\"contentUrl\":\"https:\\\/\\\/sominastock.com\\\/wp-content\\\/uploads\\\/2024\\\/10\\\/cropped-icono-Photoroom.png\",\"width\":512,\"height\":512,\"caption\":\"Repuestos Dentales Somina\"},\"image\":{\"@id\":\"https:\\\/\\\/sominastock.com\\\/#\\\/schema\\\/logo\\\/image\\\/\"}}]}<\/script>\n<!-- \/ Yoast SEO plugin. -->","yoast_head_json":{"title":"\u00bfQui\u00e9nes Somos? - Repuestos Dentales Somina","robots":{"index":"index","follow":"follow","max-snippet":"max-snippet:-1","max-image-preview":"max-image-preview:large","max-video-preview":"max-video-preview:-1"},"canonical":"https:\/\/sominastock.com\/index.php\/quienes-somos\/","og_locale":"es_ES","og_type":"article","og_title":"\u00bfQui\u00e9nes Somos? - Repuestos Dentales Somina","og_description":"Somina Stock \u00a1 Conoce a Somina ! Somina odontolog\u00eda es un empresa especializada en la comercializaci\u00f3n de repuesto dentales para m\u00f3dulos y unidades odontol\u00f3gicas. Ofreciendo una garant\u00eda a la calidad de nuestros productos. Es un afiliado de una empresa fabricadora de repuestos dentales con a\u00f1os en este sector. Adem\u00e1s nos aseguramos que los productos satisfagan [&hellip;]","og_url":"https:\/\/sominastock.com\/index.php\/quienes-somos\/","og_site_name":"Repuestos Dentales Somina","article_modified_time":"2022-08-22T19:10:48+00:00","og_image":[{"url":"http:\/\/sominastock.com\/wp-content\/uploads\/2022\/07\/4869595-1.png","type":"","width":"","height":""}],"twitter_card":"summary_large_image","twitter_misc":{"Tiempo de lectura":"1 minuto"},"schema":{"@context":"https:\/\/schema.org","@graph":[{"@type":"WebPage","@id":"https:\/\/sominastock.com\/index.php\/quienes-somos\/","url":"https:\/\/sominastock.com\/index.php\/quienes-somos\/","name":"\u00bfQui\u00e9nes Somos? - Repuestos Dentales Somina","isPartOf":{"@id":"https:\/\/sominastock.com\/#website"},"primaryImageOfPage":{"@id":"https:\/\/sominastock.com\/index.php\/quienes-somos\/#primaryimage"},"image":{"@id":"https:\/\/sominastock.com\/index.php\/quienes-somos\/#primaryimage"},"thumbnailUrl":"http:\/\/sominastock.com\/wp-content\/uploads\/2022\/07\/4869595-1.png","datePublished":"2022-07-06T22:01:44+00:00","dateModified":"2022-08-22T19:10:48+00:00","breadcrumb":{"@id":"https:\/\/sominastock.com\/index.php\/quienes-somos\/#breadcrumb"},"inLanguage":"es","potentialAction":[{"@type":"ReadAction","target":["https:\/\/sominastock.com\/index.php\/quienes-somos\/"]}]},{"@type":"ImageObject","inLanguage":"es","@id":"https:\/\/sominastock.com\/index.php\/quienes-somos\/#primaryimage","url":"http:\/\/sominastock.com\/wp-content\/uploads\/2022\/07\/4869595-1.png","contentUrl":"http:\/\/sominastock.com\/wp-content\/uploads\/2022\/07\/4869595-1.png"},{"@type":"BreadcrumbList","@id":"https:\/\/sominastock.com\/index.php\/quienes-somos\/#breadcrumb","itemListElement":[{"@type":"ListItem","position":1,"name":"Portada","item":"https:\/\/sominastock.com\/"},{"@type":"ListItem","position":2,"name":"\u00bfQui\u00e9nes Somos?"}]},{"@type":"WebSite","@id":"https:\/\/sominastock.com\/#website","url":"https:\/\/sominastock.com\/","name":"Repuestos Dentales Somina","description":"Repuestos para unidades dentales","publisher":{"@id":"https:\/\/sominastock.com\/#organization"},"potentialAction":[{"@type":"SearchAction","target":{"@type":"EntryPoint","urlTemplate":"https:\/\/sominastock.com\/?s={search_term_string}"},"query-input":{"@type":"PropertyValueSpecification","valueRequired":true,"valueName":"search_term_string"}}],"inLanguage":"es"},{"@type":"Organization","@id":"https:\/\/sominastock.com\/#organization","name":"Repuestos Dentales Somina","url":"https:\/\/sominastock.com\/","logo":{"@type":"ImageObject","inLanguage":"es","@id":"https:\/\/sominastock.com\/#\/schema\/logo\/image\/","url":"https:\/\/sominastock.com\/wp-content\/uploads\/2024\/10\/cropped-icono-Photoroom.png","contentUrl":"https:\/\/sominastock.com\/wp-content\/uploads\/2024\/10\/cropped-icono-Photoroom.png","width":512,"height":512,"caption":"Repuestos Dentales Somina"},"image":{"@id":"https:\/\/sominastock.com\/#\/schema\/logo\/image\/"}}]}},"_links":{"self":[{"href":"https:\/\/sominastock.com\/index.php\/wp-json\/wp\/v2\/pages\/1773","targetHints":{"allow":["GET"]}}],"collection":[{"href":"https:\/\/sominastock.com\/index.php\/wp-json\/wp\/v2\/pages"}],"about":[{"href":"https:\/\/sominastock.com\/index.php\/wp-json\/wp\/v2\/types\/page"}],"author":[{"embeddable":true,"href":"https:\/\/sominastock.com\/index.php\/wp-json\/wp\/v2\/users\/2"}],"replies":[{"embeddable":true,"href":"https:\/\/sominastock.com\/index.php\/wp-json\/wp\/v2\/comments?post=1773"}],"version-history":[{"count":0,"href":"https:\/\/sominastock.com\/index.php\/wp-json\/wp\/v2\/pages\/1773\/revisions"}],"wp:attachment":[{"href":"https:\/\/sominastock.com\/index.php\/wp-json\/wp\/v2\/media?parent=1773"}],"curies":[{"name":"wp","href":"https:\/\/api.w.org\/{rel}","templated":true}]}}