{"id":2104,"date":"2022-10-05T20:41:40","date_gmt":"2022-10-05T20:41:40","guid":{"rendered":"https:\/\/sominastock.com\/?post_type=product&#038;p=2104"},"modified":"2026-04-27T16:34:28","modified_gmt":"2026-04-27T16:34:28","slug":"manguera-pieza-mano","status":"publish","type":"product","link":"https:\/\/sominastock.com\/index.php\/producto\/manguera-pieza-mano\/","title":{"rendered":"Rollo Manguera pieza mano 50 mts"},"content":{"rendered":"<p>Optimiza la entrega precisa de compuestos con nuestra manguera de pieza de mano en color gris. Esta manguera desempe\u00f1a un papel fundamental al transportar una variedad de compuestos necesarios para procedimientos precisos.<\/p>\n<p>Con tres orificios estrat\u00e9gicamente dise\u00f1ados, dos peque\u00f1os y uno grande, esta manguera garantiza una distribuci\u00f3n eficiente y controlada de los compuestos. Su estructura ha sido meticulosamente elaborada para asegurar un flujo \u00f3ptimo, permitiendo la entrega precisa de los materiales requeridos en cada momento.<\/p>\n<p>Mejora la precisi\u00f3n en el transporte de compuestos con esta manguera especializada (manguera de pieza de mano). Sus caracter\u00edsticas \u00fanicas ofrecen un manejo eficiente de materiales para tus piezas de mano, asegurando un desempe\u00f1o excepcional en todos tus procedimientos dentales u odontol\u00f3gicos.<\/p>\n<p>Obt\u00e9n m\u00e1s informaci\u00f3n de productos similares<\/p>\n<p><a href=\"https:\/\/sominastock.com\/index.php\/categoria-producto\/mangueras\/\">https:\/\/sominastock.com\/index.php\/categoria-producto\/mangueras\/<\/a><\/p>\n","protected":false},"excerpt":{"rendered":"<p><strong>Funci\u00f3n:<\/strong>\u00a0Transporta los diferentes compuestos de la pieza de mano.<\/p>\n<p><strong>Color:<\/strong>\u00a0Gris<\/p>\n<p><strong>Caracter\u00edsticas:<\/strong>\u00a0Posee tres orificios, dos peque\u00f1os y uno grande.<\/p>\n","protected":false},"featured_media":1589,"comment_status":"open","ping_status":"closed","template":"","meta":[],"product_brand":[],"product_cat":[37],"product_tag":[],"class_list":{"0":"post-2104","1":"product","2":"type-product","3":"status-publish","4":"has-post-thumbnail","6":"product_cat-mangueras","8":"first","9":"instock","10":"taxable","11":"shipping-taxable","12":"purchasable","13":"product-type-simple"},"yoast_head":"<!-- This site is optimized with the Yoast SEO plugin v27.6 - https:\/\/yoast.com\/product\/yoast-seo-wordpress\/ -->\n<title>Rollo Manguera pieza mano 50 mts - Repuestos Dentales Somina<\/title>\n<meta name=\"description\" content=\"Manguera de Pieza de Mano: Esta manguera desempe\u00f1a un papel fundamental al transportar una variedad de compuestos necesarios para procedimientos dentales.\" \/>\n<meta name=\"robots\" content=\"index, follow, max-snippet:-1, max-image-preview:large, max-video-preview:-1\" \/>\n<link rel=\"canonical\" href=\"https:\/\/sominastock.com\/index.php\/producto\/manguera-pieza-mano\/\" \/>\n<meta property=\"og:locale\" content=\"es_ES\" \/>\n<meta property=\"og:type\" content=\"article\" \/>\n<meta property=\"og:title\" content=\"Rollo Manguera pieza mano 50 mts - Repuestos Dentales Somina\" \/>\n<meta property=\"og:description\" content=\"Manguera de Pieza de Mano: Esta manguera desempe\u00f1a un papel fundamental al transportar una variedad de compuestos necesarios para procedimientos dentales.\" \/>\n<meta property=\"og:url\" content=\"https:\/\/sominastock.com\/index.php\/producto\/manguera-pieza-mano\/\" \/>\n<meta property=\"og:site_name\" content=\"Repuestos Dentales Somina\" \/>\n<meta property=\"article:modified_time\" content=\"2026-04-27T16:34:28+00:00\" \/>\n<meta property=\"og:image\" content=\"http:\/\/sominastock.com\/wp-content\/uploads\/2021\/12\/Rollo-Manguera-para-Pieza-de-Mano.png\" \/>\n\t<meta property=\"og:image:width\" content=\"800\" \/>\n\t<meta property=\"og:image:height\" content=\"800\" \/>\n\t<meta property=\"og:image:type\" content=\"image\/png\" \/>\n<meta name=\"twitter:card\" content=\"summary_large_image\" \/>\n<meta name=\"twitter:label1\" content=\"Tiempo de lectura\" \/>\n\t<meta name=\"twitter:data1\" content=\"1 minuto\" \/>\n<script type=\"application\/ld+json\" class=\"yoast-schema-graph\">{\"@context\":\"https:\\\/\\\/schema.org\",\"@graph\":[{\"@type\":\"WebPage\",\"@id\":\"https:\\\/\\\/sominastock.com\\\/index.php\\\/producto\\\/manguera-pieza-mano\\\/\",\"url\":\"https:\\\/\\\/sominastock.com\\\/index.php\\\/producto\\\/manguera-pieza-mano\\\/\",\"name\":\"Rollo Manguera pieza mano 50 mts - Repuestos Dentales Somina\",\"isPartOf\":{\"@id\":\"https:\\\/\\\/sominastock.com\\\/#website\"},\"primaryImageOfPage\":{\"@id\":\"https:\\\/\\\/sominastock.com\\\/index.php\\\/producto\\\/manguera-pieza-mano\\\/#primaryimage\"},\"image\":{\"@id\":\"https:\\\/\\\/sominastock.com\\\/index.php\\\/producto\\\/manguera-pieza-mano\\\/#primaryimage\"},\"thumbnailUrl\":\"https:\\\/\\\/sominastock.com\\\/wp-content\\\/uploads\\\/2021\\\/12\\\/Rollo-Manguera-para-Pieza-de-Mano.png\",\"datePublished\":\"2022-10-05T20:41:40+00:00\",\"dateModified\":\"2026-04-27T16:34:28+00:00\",\"description\":\"Manguera de Pieza de Mano: Esta manguera desempe\u00f1a un papel fundamental al transportar una variedad de compuestos necesarios para procedimientos dentales.\",\"breadcrumb\":{\"@id\":\"https:\\\/\\\/sominastock.com\\\/index.php\\\/producto\\\/manguera-pieza-mano\\\/#breadcrumb\"},\"inLanguage\":\"es\",\"potentialAction\":[{\"@type\":\"ReadAction\",\"target\":[\"https:\\\/\\\/sominastock.com\\\/index.php\\\/producto\\\/manguera-pieza-mano\\\/\"]}]},{\"@type\":\"ImageObject\",\"inLanguage\":\"es\",\"@id\":\"https:\\\/\\\/sominastock.com\\\/index.php\\\/producto\\\/manguera-pieza-mano\\\/#primaryimage\",\"url\":\"https:\\\/\\\/sominastock.com\\\/wp-content\\\/uploads\\\/2021\\\/12\\\/Rollo-Manguera-para-Pieza-de-Mano.png\",\"contentUrl\":\"https:\\\/\\\/sominastock.com\\\/wp-content\\\/uploads\\\/2021\\\/12\\\/Rollo-Manguera-para-Pieza-de-Mano.png\",\"width\":800,\"height\":800},{\"@type\":\"BreadcrumbList\",\"@id\":\"https:\\\/\\\/sominastock.com\\\/index.php\\\/producto\\\/manguera-pieza-mano\\\/#breadcrumb\",\"itemListElement\":[{\"@type\":\"ListItem\",\"position\":1,\"name\":\"Portada\",\"item\":\"https:\\\/\\\/sominastock.com\\\/\"},{\"@type\":\"ListItem\",\"position\":2,\"name\":\"Tienda\",\"item\":\"https:\\\/\\\/sominastock.com\\\/index.php\\\/tienda\\\/\"},{\"@type\":\"ListItem\",\"position\":3,\"name\":\"Rollo Manguera pieza mano 50 mts\"}]},{\"@type\":\"WebSite\",\"@id\":\"https:\\\/\\\/sominastock.com\\\/#website\",\"url\":\"https:\\\/\\\/sominastock.com\\\/\",\"name\":\"Repuestos Dentales Somina\",\"description\":\"Repuestos para unidades dentales\",\"publisher\":{\"@id\":\"https:\\\/\\\/sominastock.com\\\/#organization\"},\"potentialAction\":[{\"@type\":\"SearchAction\",\"target\":{\"@type\":\"EntryPoint\",\"urlTemplate\":\"https:\\\/\\\/sominastock.com\\\/?s={search_term_string}\"},\"query-input\":{\"@type\":\"PropertyValueSpecification\",\"valueRequired\":true,\"valueName\":\"search_term_string\"}}],\"inLanguage\":\"es\"},{\"@type\":\"Organization\",\"@id\":\"https:\\\/\\\/sominastock.com\\\/#organization\",\"name\":\"Repuestos Dentales Somina\",\"url\":\"https:\\\/\\\/sominastock.com\\\/\",\"logo\":{\"@type\":\"ImageObject\",\"inLanguage\":\"es\",\"@id\":\"https:\\\/\\\/sominastock.com\\\/#\\\/schema\\\/logo\\\/image\\\/\",\"url\":\"https:\\\/\\\/sominastock.com\\\/wp-content\\\/uploads\\\/2024\\\/10\\\/cropped-icono-Photoroom.png\",\"contentUrl\":\"https:\\\/\\\/sominastock.com\\\/wp-content\\\/uploads\\\/2024\\\/10\\\/cropped-icono-Photoroom.png\",\"width\":512,\"height\":512,\"caption\":\"Repuestos Dentales Somina\"},\"image\":{\"@id\":\"https:\\\/\\\/sominastock.com\\\/#\\\/schema\\\/logo\\\/image\\\/\"}}]}<\/script>\n<!-- \/ Yoast SEO plugin. -->","yoast_head_json":{"title":"Rollo Manguera pieza mano 50 mts - Repuestos Dentales Somina","description":"Manguera de Pieza de Mano: Esta manguera desempe\u00f1a un papel fundamental al transportar una variedad de compuestos necesarios para procedimientos dentales.","robots":{"index":"index","follow":"follow","max-snippet":"max-snippet:-1","max-image-preview":"max-image-preview:large","max-video-preview":"max-video-preview:-1"},"canonical":"https:\/\/sominastock.com\/index.php\/producto\/manguera-pieza-mano\/","og_locale":"es_ES","og_type":"article","og_title":"Rollo Manguera pieza mano 50 mts - Repuestos Dentales Somina","og_description":"Manguera de Pieza de Mano: Esta manguera desempe\u00f1a un papel fundamental al transportar una variedad de compuestos necesarios para procedimientos dentales.","og_url":"https:\/\/sominastock.com\/index.php\/producto\/manguera-pieza-mano\/","og_site_name":"Repuestos Dentales Somina","article_modified_time":"2026-04-27T16:34:28+00:00","og_image":[{"width":800,"height":800,"url":"http:\/\/sominastock.com\/wp-content\/uploads\/2021\/12\/Rollo-Manguera-para-Pieza-de-Mano.png","type":"image\/png"}],"twitter_card":"summary_large_image","twitter_misc":{"Tiempo de lectura":"1 minuto"},"schema":{"@context":"https:\/\/schema.org","@graph":[{"@type":"WebPage","@id":"https:\/\/sominastock.com\/index.php\/producto\/manguera-pieza-mano\/","url":"https:\/\/sominastock.com\/index.php\/producto\/manguera-pieza-mano\/","name":"Rollo Manguera pieza mano 50 mts - Repuestos Dentales Somina","isPartOf":{"@id":"https:\/\/sominastock.com\/#website"},"primaryImageOfPage":{"@id":"https:\/\/sominastock.com\/index.php\/producto\/manguera-pieza-mano\/#primaryimage"},"image":{"@id":"https:\/\/sominastock.com\/index.php\/producto\/manguera-pieza-mano\/#primaryimage"},"thumbnailUrl":"https:\/\/sominastock.com\/wp-content\/uploads\/2021\/12\/Rollo-Manguera-para-Pieza-de-Mano.png","datePublished":"2022-10-05T20:41:40+00:00","dateModified":"2026-04-27T16:34:28+00:00","description":"Manguera de Pieza de Mano: Esta manguera desempe\u00f1a un papel fundamental al transportar una variedad de compuestos necesarios para procedimientos dentales.","breadcrumb":{"@id":"https:\/\/sominastock.com\/index.php\/producto\/manguera-pieza-mano\/#breadcrumb"},"inLanguage":"es","potentialAction":[{"@type":"ReadAction","target":["https:\/\/sominastock.com\/index.php\/producto\/manguera-pieza-mano\/"]}]},{"@type":"ImageObject","inLanguage":"es","@id":"https:\/\/sominastock.com\/index.php\/producto\/manguera-pieza-mano\/#primaryimage","url":"https:\/\/sominastock.com\/wp-content\/uploads\/2021\/12\/Rollo-Manguera-para-Pieza-de-Mano.png","contentUrl":"https:\/\/sominastock.com\/wp-content\/uploads\/2021\/12\/Rollo-Manguera-para-Pieza-de-Mano.png","width":800,"height":800},{"@type":"BreadcrumbList","@id":"https:\/\/sominastock.com\/index.php\/producto\/manguera-pieza-mano\/#breadcrumb","itemListElement":[{"@type":"ListItem","position":1,"name":"Portada","item":"https:\/\/sominastock.com\/"},{"@type":"ListItem","position":2,"name":"Tienda","item":"https:\/\/sominastock.com\/index.php\/tienda\/"},{"@type":"ListItem","position":3,"name":"Rollo Manguera pieza mano 50 mts"}]},{"@type":"WebSite","@id":"https:\/\/sominastock.com\/#website","url":"https:\/\/sominastock.com\/","name":"Repuestos Dentales Somina","description":"Repuestos para unidades dentales","publisher":{"@id":"https:\/\/sominastock.com\/#organization"},"potentialAction":[{"@type":"SearchAction","target":{"@type":"EntryPoint","urlTemplate":"https:\/\/sominastock.com\/?s={search_term_string}"},"query-input":{"@type":"PropertyValueSpecification","valueRequired":true,"valueName":"search_term_string"}}],"inLanguage":"es"},{"@type":"Organization","@id":"https:\/\/sominastock.com\/#organization","name":"Repuestos Dentales Somina","url":"https:\/\/sominastock.com\/","logo":{"@type":"ImageObject","inLanguage":"es","@id":"https:\/\/sominastock.com\/#\/schema\/logo\/image\/","url":"https:\/\/sominastock.com\/wp-content\/uploads\/2024\/10\/cropped-icono-Photoroom.png","contentUrl":"https:\/\/sominastock.com\/wp-content\/uploads\/2024\/10\/cropped-icono-Photoroom.png","width":512,"height":512,"caption":"Repuestos Dentales Somina"},"image":{"@id":"https:\/\/sominastock.com\/#\/schema\/logo\/image\/"}}]}},"_links":{"self":[{"href":"https:\/\/sominastock.com\/index.php\/wp-json\/wp\/v2\/product\/2104","targetHints":{"allow":["GET"]}}],"collection":[{"href":"https:\/\/sominastock.com\/index.php\/wp-json\/wp\/v2\/product"}],"about":[{"href":"https:\/\/sominastock.com\/index.php\/wp-json\/wp\/v2\/types\/product"}],"replies":[{"embeddable":true,"href":"https:\/\/sominastock.com\/index.php\/wp-json\/wp\/v2\/comments?post=2104"}],"wp:featuredmedia":[{"embeddable":true,"href":"https:\/\/sominastock.com\/index.php\/wp-json\/wp\/v2\/media\/1589"}],"wp:attachment":[{"href":"https:\/\/sominastock.com\/index.php\/wp-json\/wp\/v2\/media?parent=2104"}],"wp:term":[{"taxonomy":"product_brand","embeddable":true,"href":"https:\/\/sominastock.com\/index.php\/wp-json\/wp\/v2\/product_brand?post=2104"},{"taxonomy":"product_cat","embeddable":true,"href":"https:\/\/sominastock.com\/index.php\/wp-json\/wp\/v2\/product_cat?post=2104"},{"taxonomy":"product_tag","embeddable":true,"href":"https:\/\/sominastock.com\/index.php\/wp-json\/wp\/v2\/product_tag?post=2104"}],"curies":[{"name":"wp","href":"https:\/\/api.w.org\/{rel}","templated":true}]}}