{"id":2262,"date":"2022-12-03T20:18:13","date_gmt":"2022-12-03T20:18:13","guid":{"rendered":"https:\/\/sominastock.com\/?post_type=product&#038;p=2262"},"modified":"2025-10-28T23:53:11","modified_gmt":"2025-10-28T23:53:11","slug":"reguladora-modulo-china","status":"publish","type":"product","link":"https:\/\/sominastock.com\/index.php\/producto\/reguladora-modulo-china\/","title":{"rendered":"Reguladora de modulo Importada"},"content":{"rendered":"<p>Descubre el control preciso con la Reguladora de Modulo Importada, una pieza esencial para gestionar y regular la potencia en sistemas especializados. Esta reguladora importada garantiza un ajuste fino y confiable, permitiendo un control \u00f3ptimo de la energ\u00eda en tus equipos.<\/p>\n<p>Fabricada bajo est\u00e1ndares de calidad superiores, esta reguladora asegura un rendimiento estable y duradero. Su dise\u00f1o espec\u00edfico facilita su integraci\u00f3n en sistemas existentes, garantizando un funcionamiento eficiente y sin complicaciones.<\/p>\n<p>Optimiza el control de potencia en tus equipos con esta Reguladora de Modulo Importada, vital para mantener la precisi\u00f3n en procedimientos dentales. Asegura un manejo eficaz de la energ\u00eda con esta soluci\u00f3n confiable que mejora el rendimiento de tus sistemas.<\/p>\n<p>Obt\u00e9n m\u00e1s informaci\u00f3n sobre productos similares<\/p>\n<p><a href=\"https:\/\/sominastock.com\/index.php\/categoria-producto\/valvulas\/\">https:\/\/sominastock.com\/index.php\/categoria-producto\/valvulas\/<\/a><\/p>\n","protected":false},"excerpt":{"rendered":"<p>Descubre el control preciso con la Reguladora de Modulo Importada, una pieza esencial para gestionar y regular la potencia en sistemas especializados. Esta reguladora importada garantiza un ajuste fino y confiable, permitiendo un control \u00f3ptimo de la energ\u00eda en tus equipos. Fabricada bajo est\u00e1ndares de calidad superiores, esta reguladora asegura un rendimiento estable y duradero. [&hellip;]<\/p>\n","protected":false},"featured_media":2184,"comment_status":"open","ping_status":"closed","template":"","meta":[],"product_brand":[],"product_cat":[16],"product_tag":[],"class_list":{"0":"post-2262","1":"product","2":"type-product","3":"status-publish","4":"has-post-thumbnail","6":"product_cat-valvulas","8":"first","9":"outofstock","10":"taxable","11":"shipping-taxable","12":"purchasable","13":"product-type-simple"},"yoast_head":"<!-- This site is optimized with the Yoast SEO plugin v27.4 - https:\/\/yoast.com\/product\/yoast-seo-wordpress\/ -->\n<title>Reguladora de modulo Importada - Repuestos Dentales Somina<\/title>\n<meta name=\"description\" content=\"Reguladora de modulo asegura un rendimiento estable y duradero. Su dise\u00f1o espec\u00edfico facilita su integraci\u00f3n en sistemas existentes.\" \/>\n<meta name=\"robots\" content=\"index, follow, max-snippet:-1, max-image-preview:large, max-video-preview:-1\" \/>\n<link rel=\"canonical\" href=\"https:\/\/sominastock.com\/index.php\/producto\/reguladora-modulo-china\/\" \/>\n<meta property=\"og:locale\" content=\"es_ES\" \/>\n<meta property=\"og:type\" content=\"article\" \/>\n<meta property=\"og:title\" content=\"Reguladora de modulo Importada - Repuestos Dentales Somina\" \/>\n<meta property=\"og:description\" content=\"Reguladora de modulo asegura un rendimiento estable y duradero. Su dise\u00f1o espec\u00edfico facilita su integraci\u00f3n en sistemas existentes.\" \/>\n<meta property=\"og:url\" content=\"https:\/\/sominastock.com\/index.php\/producto\/reguladora-modulo-china\/\" \/>\n<meta property=\"og:site_name\" content=\"Repuestos Dentales Somina\" \/>\n<meta property=\"article:modified_time\" content=\"2025-10-28T23:53:11+00:00\" \/>\n<meta property=\"og:image\" content=\"http:\/\/sominastock.com\/wp-content\/uploads\/2022\/11\/reguladora-importada-2.png\" \/>\n\t<meta property=\"og:image:width\" content=\"800\" \/>\n\t<meta property=\"og:image:height\" content=\"800\" \/>\n\t<meta property=\"og:image:type\" content=\"image\/png\" \/>\n<meta name=\"twitter:card\" content=\"summary_large_image\" \/>\n<meta name=\"twitter:label1\" content=\"Tiempo de lectura\" \/>\n\t<meta name=\"twitter:data1\" content=\"1 minuto\" \/>\n<script type=\"application\/ld+json\" class=\"yoast-schema-graph\">{\"@context\":\"https:\\\/\\\/schema.org\",\"@graph\":[{\"@type\":\"WebPage\",\"@id\":\"https:\\\/\\\/sominastock.com\\\/index.php\\\/producto\\\/reguladora-modulo-china\\\/\",\"url\":\"https:\\\/\\\/sominastock.com\\\/index.php\\\/producto\\\/reguladora-modulo-china\\\/\",\"name\":\"Reguladora de modulo Importada - Repuestos Dentales Somina\",\"isPartOf\":{\"@id\":\"https:\\\/\\\/sominastock.com\\\/#website\"},\"primaryImageOfPage\":{\"@id\":\"https:\\\/\\\/sominastock.com\\\/index.php\\\/producto\\\/reguladora-modulo-china\\\/#primaryimage\"},\"image\":{\"@id\":\"https:\\\/\\\/sominastock.com\\\/index.php\\\/producto\\\/reguladora-modulo-china\\\/#primaryimage\"},\"thumbnailUrl\":\"https:\\\/\\\/sominastock.com\\\/wp-content\\\/uploads\\\/2022\\\/11\\\/reguladora-importada-2.png\",\"datePublished\":\"2022-12-03T20:18:13+00:00\",\"dateModified\":\"2025-10-28T23:53:11+00:00\",\"description\":\"Reguladora de modulo asegura un rendimiento estable y duradero. Su dise\u00f1o espec\u00edfico facilita su integraci\u00f3n en sistemas existentes.\",\"breadcrumb\":{\"@id\":\"https:\\\/\\\/sominastock.com\\\/index.php\\\/producto\\\/reguladora-modulo-china\\\/#breadcrumb\"},\"inLanguage\":\"es\",\"potentialAction\":[{\"@type\":\"ReadAction\",\"target\":[\"https:\\\/\\\/sominastock.com\\\/index.php\\\/producto\\\/reguladora-modulo-china\\\/\"]}]},{\"@type\":\"ImageObject\",\"inLanguage\":\"es\",\"@id\":\"https:\\\/\\\/sominastock.com\\\/index.php\\\/producto\\\/reguladora-modulo-china\\\/#primaryimage\",\"url\":\"https:\\\/\\\/sominastock.com\\\/wp-content\\\/uploads\\\/2022\\\/11\\\/reguladora-importada-2.png\",\"contentUrl\":\"https:\\\/\\\/sominastock.com\\\/wp-content\\\/uploads\\\/2022\\\/11\\\/reguladora-importada-2.png\",\"width\":800,\"height\":800},{\"@type\":\"BreadcrumbList\",\"@id\":\"https:\\\/\\\/sominastock.com\\\/index.php\\\/producto\\\/reguladora-modulo-china\\\/#breadcrumb\",\"itemListElement\":[{\"@type\":\"ListItem\",\"position\":1,\"name\":\"Portada\",\"item\":\"https:\\\/\\\/sominastock.com\\\/\"},{\"@type\":\"ListItem\",\"position\":2,\"name\":\"Tienda\",\"item\":\"https:\\\/\\\/sominastock.com\\\/index.php\\\/tienda\\\/\"},{\"@type\":\"ListItem\",\"position\":3,\"name\":\"Reguladora de modulo Importada\"}]},{\"@type\":\"WebSite\",\"@id\":\"https:\\\/\\\/sominastock.com\\\/#website\",\"url\":\"https:\\\/\\\/sominastock.com\\\/\",\"name\":\"Repuestos Dentales Somina\",\"description\":\"Repuestos para unidades dentales\",\"publisher\":{\"@id\":\"https:\\\/\\\/sominastock.com\\\/#organization\"},\"potentialAction\":[{\"@type\":\"SearchAction\",\"target\":{\"@type\":\"EntryPoint\",\"urlTemplate\":\"https:\\\/\\\/sominastock.com\\\/?s={search_term_string}\"},\"query-input\":{\"@type\":\"PropertyValueSpecification\",\"valueRequired\":true,\"valueName\":\"search_term_string\"}}],\"inLanguage\":\"es\"},{\"@type\":\"Organization\",\"@id\":\"https:\\\/\\\/sominastock.com\\\/#organization\",\"name\":\"Repuestos Dentales Somina\",\"url\":\"https:\\\/\\\/sominastock.com\\\/\",\"logo\":{\"@type\":\"ImageObject\",\"inLanguage\":\"es\",\"@id\":\"https:\\\/\\\/sominastock.com\\\/#\\\/schema\\\/logo\\\/image\\\/\",\"url\":\"https:\\\/\\\/sominastock.com\\\/wp-content\\\/uploads\\\/2024\\\/10\\\/cropped-icono-Photoroom.png\",\"contentUrl\":\"https:\\\/\\\/sominastock.com\\\/wp-content\\\/uploads\\\/2024\\\/10\\\/cropped-icono-Photoroom.png\",\"width\":512,\"height\":512,\"caption\":\"Repuestos Dentales Somina\"},\"image\":{\"@id\":\"https:\\\/\\\/sominastock.com\\\/#\\\/schema\\\/logo\\\/image\\\/\"}}]}<\/script>\n<!-- \/ Yoast SEO plugin. -->","yoast_head_json":{"title":"Reguladora de modulo Importada - Repuestos Dentales Somina","description":"Reguladora de modulo asegura un rendimiento estable y duradero. Su dise\u00f1o espec\u00edfico facilita su integraci\u00f3n en sistemas existentes.","robots":{"index":"index","follow":"follow","max-snippet":"max-snippet:-1","max-image-preview":"max-image-preview:large","max-video-preview":"max-video-preview:-1"},"canonical":"https:\/\/sominastock.com\/index.php\/producto\/reguladora-modulo-china\/","og_locale":"es_ES","og_type":"article","og_title":"Reguladora de modulo Importada - Repuestos Dentales Somina","og_description":"Reguladora de modulo asegura un rendimiento estable y duradero. Su dise\u00f1o espec\u00edfico facilita su integraci\u00f3n en sistemas existentes.","og_url":"https:\/\/sominastock.com\/index.php\/producto\/reguladora-modulo-china\/","og_site_name":"Repuestos Dentales Somina","article_modified_time":"2025-10-28T23:53:11+00:00","og_image":[{"width":800,"height":800,"url":"http:\/\/sominastock.com\/wp-content\/uploads\/2022\/11\/reguladora-importada-2.png","type":"image\/png"}],"twitter_card":"summary_large_image","twitter_misc":{"Tiempo de lectura":"1 minuto"},"schema":{"@context":"https:\/\/schema.org","@graph":[{"@type":"WebPage","@id":"https:\/\/sominastock.com\/index.php\/producto\/reguladora-modulo-china\/","url":"https:\/\/sominastock.com\/index.php\/producto\/reguladora-modulo-china\/","name":"Reguladora de modulo Importada - Repuestos Dentales Somina","isPartOf":{"@id":"https:\/\/sominastock.com\/#website"},"primaryImageOfPage":{"@id":"https:\/\/sominastock.com\/index.php\/producto\/reguladora-modulo-china\/#primaryimage"},"image":{"@id":"https:\/\/sominastock.com\/index.php\/producto\/reguladora-modulo-china\/#primaryimage"},"thumbnailUrl":"https:\/\/sominastock.com\/wp-content\/uploads\/2022\/11\/reguladora-importada-2.png","datePublished":"2022-12-03T20:18:13+00:00","dateModified":"2025-10-28T23:53:11+00:00","description":"Reguladora de modulo asegura un rendimiento estable y duradero. Su dise\u00f1o espec\u00edfico facilita su integraci\u00f3n en sistemas existentes.","breadcrumb":{"@id":"https:\/\/sominastock.com\/index.php\/producto\/reguladora-modulo-china\/#breadcrumb"},"inLanguage":"es","potentialAction":[{"@type":"ReadAction","target":["https:\/\/sominastock.com\/index.php\/producto\/reguladora-modulo-china\/"]}]},{"@type":"ImageObject","inLanguage":"es","@id":"https:\/\/sominastock.com\/index.php\/producto\/reguladora-modulo-china\/#primaryimage","url":"https:\/\/sominastock.com\/wp-content\/uploads\/2022\/11\/reguladora-importada-2.png","contentUrl":"https:\/\/sominastock.com\/wp-content\/uploads\/2022\/11\/reguladora-importada-2.png","width":800,"height":800},{"@type":"BreadcrumbList","@id":"https:\/\/sominastock.com\/index.php\/producto\/reguladora-modulo-china\/#breadcrumb","itemListElement":[{"@type":"ListItem","position":1,"name":"Portada","item":"https:\/\/sominastock.com\/"},{"@type":"ListItem","position":2,"name":"Tienda","item":"https:\/\/sominastock.com\/index.php\/tienda\/"},{"@type":"ListItem","position":3,"name":"Reguladora de modulo Importada"}]},{"@type":"WebSite","@id":"https:\/\/sominastock.com\/#website","url":"https:\/\/sominastock.com\/","name":"Repuestos Dentales Somina","description":"Repuestos para unidades dentales","publisher":{"@id":"https:\/\/sominastock.com\/#organization"},"potentialAction":[{"@type":"SearchAction","target":{"@type":"EntryPoint","urlTemplate":"https:\/\/sominastock.com\/?s={search_term_string}"},"query-input":{"@type":"PropertyValueSpecification","valueRequired":true,"valueName":"search_term_string"}}],"inLanguage":"es"},{"@type":"Organization","@id":"https:\/\/sominastock.com\/#organization","name":"Repuestos Dentales Somina","url":"https:\/\/sominastock.com\/","logo":{"@type":"ImageObject","inLanguage":"es","@id":"https:\/\/sominastock.com\/#\/schema\/logo\/image\/","url":"https:\/\/sominastock.com\/wp-content\/uploads\/2024\/10\/cropped-icono-Photoroom.png","contentUrl":"https:\/\/sominastock.com\/wp-content\/uploads\/2024\/10\/cropped-icono-Photoroom.png","width":512,"height":512,"caption":"Repuestos Dentales Somina"},"image":{"@id":"https:\/\/sominastock.com\/#\/schema\/logo\/image\/"}}]}},"_links":{"self":[{"href":"https:\/\/sominastock.com\/index.php\/wp-json\/wp\/v2\/product\/2262","targetHints":{"allow":["GET"]}}],"collection":[{"href":"https:\/\/sominastock.com\/index.php\/wp-json\/wp\/v2\/product"}],"about":[{"href":"https:\/\/sominastock.com\/index.php\/wp-json\/wp\/v2\/types\/product"}],"replies":[{"embeddable":true,"href":"https:\/\/sominastock.com\/index.php\/wp-json\/wp\/v2\/comments?post=2262"}],"wp:featuredmedia":[{"embeddable":true,"href":"https:\/\/sominastock.com\/index.php\/wp-json\/wp\/v2\/media\/2184"}],"wp:attachment":[{"href":"https:\/\/sominastock.com\/index.php\/wp-json\/wp\/v2\/media?parent=2262"}],"wp:term":[{"taxonomy":"product_brand","embeddable":true,"href":"https:\/\/sominastock.com\/index.php\/wp-json\/wp\/v2\/product_brand?post=2262"},{"taxonomy":"product_cat","embeddable":true,"href":"https:\/\/sominastock.com\/index.php\/wp-json\/wp\/v2\/product_cat?post=2262"},{"taxonomy":"product_tag","embeddable":true,"href":"https:\/\/sominastock.com\/index.php\/wp-json\/wp\/v2\/product_tag?post=2262"}],"curies":[{"name":"wp","href":"https:\/\/api.w.org\/{rel}","templated":true}]}}