{"id":2268,"date":"2022-12-03T20:27:19","date_gmt":"2022-12-03T20:27:19","guid":{"rendered":"https:\/\/sominastock.com\/?post_type=product&#038;p=2268"},"modified":"2026-04-07T01:26:09","modified_gmt":"2026-04-07T01:26:09","slug":"valvula-de-succion-de-alta-importada-boquilla-baja-importada","status":"publish","type":"product","link":"https:\/\/sominastock.com\/index.php\/producto\/valvula-de-succion-de-alta-importada-boquilla-baja-importada\/","title":{"rendered":"Valvula de Succion de Alta importada\/Boquilla de Alta Importada"},"content":{"rendered":"<p>Experimenta un rendimiento superior con nuestra Valvula de Succion de Alta importada\/Boquilla de Alta Importada, dise\u00f1ada para optimizar la eficiencia de tu sistema. Esta v\u00e1lvula de \u00faltima generaci\u00f3n est\u00e1 creada para ofrecer un flujo constante y confiable, garantizando una succi\u00f3n poderosa y precisa en todo momento.<\/p>\n<p><strong>Caracter\u00edsticas:<\/strong><\/p>\n<ul>\n<li><strong>Eficiencia Mejorada:<\/strong> Con una construcci\u00f3n robusta y materiales de primera calidad, esta v\u00e1lvula maximiza la succi\u00f3n, optimizando el funcionamiento de tus dispositivos.<\/li>\n<li><strong>Compatibilidad Universal:<\/strong> Dise\u00f1ada para adaptarse a una variedad de sistemas, esta v\u00e1lvula es vers\u00e1til y se integra f\u00e1cilmente en diferentes configuraciones.<\/li>\n<li><strong>Durabilidad Garantizada:<\/strong> Fabricada para resistir condiciones exigentes, su durabilidad excepcional asegura un rendimiento constante a lo largo del tiempo.<\/li>\n<li><strong>F\u00e1cil Instalaci\u00f3n:<\/strong> Su dise\u00f1o intuitivo permite una instalaci\u00f3n r\u00e1pida y sencilla, ahorr\u00e1ndote tiempo y esfuerzo.<\/li>\n<\/ul>\n<p>Esta Valvula de Succion de Alta importada mejora el flujo de succi\u00f3n para un rendimiento \u00f3ptimo, aumenta la eficiencia de tus sistemas sin complicaciones, garantiza una succi\u00f3n precisa y potente en todo momento, extiende la vida \u00fatil de tus dispositivos con su durabilidad excepcional.<\/p>\n<p>Obt\u00e9n mas informaci\u00f3n de productos similares&#8230;<\/p>\n<p><a href=\"https:\/\/sominastock.com\/index.php\/categoria-producto\/favoritos-de-odontologos\/\">https:\/\/sominastock.com\/index.php\/categoria-producto\/favoritos-de-odontologos\/<\/a><\/p>\n","protected":false},"excerpt":{"rendered":"<p>Experimenta un rendimiento superior con nuestra Valvula de Succion de Alta importada\/Boquilla de Alta Importada, dise\u00f1ada para optimizar la eficiencia de tu sistema. Esta v\u00e1lvula de \u00faltima generaci\u00f3n est\u00e1 creada para ofrecer un flujo constante y confiable, garantizando una succi\u00f3n poderosa y precisa en todo momento. Caracter\u00edsticas: Eficiencia Mejorada: Con una construcci\u00f3n robusta y materiales [&hellip;]<\/p>\n","protected":false},"featured_media":2186,"comment_status":"open","ping_status":"closed","template":"","meta":[],"product_brand":[],"product_cat":[40,17],"product_tag":[],"class_list":{"0":"post-2268","1":"product","2":"type-product","3":"status-publish","4":"has-post-thumbnail","6":"product_cat-favoritos-de-odontologos","7":"product_cat-parte-de-unidad-dental","9":"first","10":"instock","11":"taxable","12":"shipping-taxable","13":"purchasable","14":"product-type-simple"},"yoast_head":"<!-- This site is optimized with the Yoast SEO plugin v27.4 - https:\/\/yoast.com\/product\/yoast-seo-wordpress\/ -->\n<title>Valvula de Succion de Alta importada\/Boquilla de Alta Importada - Repuestos Dentales Somina<\/title>\n<meta name=\"description\" content=\"Valvula de Succion de Alta importada cuenta con una construcci\u00f3n robusta y materiales de primera calidad, esta v\u00e1lvula maximiza la succi\u00f3n.\" \/>\n<meta name=\"robots\" content=\"index, follow, max-snippet:-1, max-image-preview:large, max-video-preview:-1\" \/>\n<link rel=\"canonical\" href=\"https:\/\/sominastock.com\/index.php\/producto\/valvula-de-succion-de-alta-importada-boquilla-baja-importada\/\" \/>\n<meta property=\"og:locale\" content=\"es_ES\" \/>\n<meta property=\"og:type\" content=\"article\" \/>\n<meta property=\"og:title\" content=\"Valvula de Succion de Alta importada\/Boquilla de Alta Importada - Repuestos Dentales Somina\" \/>\n<meta property=\"og:description\" content=\"Valvula de Succion de Alta importada cuenta con una construcci\u00f3n robusta y materiales de primera calidad, esta v\u00e1lvula maximiza la succi\u00f3n.\" \/>\n<meta property=\"og:url\" content=\"https:\/\/sominastock.com\/index.php\/producto\/valvula-de-succion-de-alta-importada-boquilla-baja-importada\/\" \/>\n<meta property=\"og:site_name\" content=\"Repuestos Dentales Somina\" \/>\n<meta property=\"article:modified_time\" content=\"2026-04-07T01:26:09+00:00\" \/>\n<meta property=\"og:image\" content=\"http:\/\/sominastock.com\/wp-content\/uploads\/2022\/11\/Boquilla-alta-2.png\" \/>\n\t<meta property=\"og:image:width\" content=\"801\" \/>\n\t<meta property=\"og:image:height\" content=\"800\" \/>\n\t<meta property=\"og:image:type\" content=\"image\/png\" \/>\n<meta name=\"twitter:card\" content=\"summary_large_image\" \/>\n<meta name=\"twitter:label1\" content=\"Tiempo de lectura\" \/>\n\t<meta name=\"twitter:data1\" content=\"1 minuto\" \/>\n<script type=\"application\/ld+json\" class=\"yoast-schema-graph\">{\"@context\":\"https:\\\/\\\/schema.org\",\"@graph\":[{\"@type\":\"WebPage\",\"@id\":\"https:\\\/\\\/sominastock.com\\\/index.php\\\/producto\\\/valvula-de-succion-de-alta-importada-boquilla-baja-importada\\\/\",\"url\":\"https:\\\/\\\/sominastock.com\\\/index.php\\\/producto\\\/valvula-de-succion-de-alta-importada-boquilla-baja-importada\\\/\",\"name\":\"Valvula de Succion de Alta importada\\\/Boquilla de Alta Importada - Repuestos Dentales Somina\",\"isPartOf\":{\"@id\":\"https:\\\/\\\/sominastock.com\\\/#website\"},\"primaryImageOfPage\":{\"@id\":\"https:\\\/\\\/sominastock.com\\\/index.php\\\/producto\\\/valvula-de-succion-de-alta-importada-boquilla-baja-importada\\\/#primaryimage\"},\"image\":{\"@id\":\"https:\\\/\\\/sominastock.com\\\/index.php\\\/producto\\\/valvula-de-succion-de-alta-importada-boquilla-baja-importada\\\/#primaryimage\"},\"thumbnailUrl\":\"https:\\\/\\\/sominastock.com\\\/wp-content\\\/uploads\\\/2022\\\/11\\\/Boquilla-alta-2.png\",\"datePublished\":\"2022-12-03T20:27:19+00:00\",\"dateModified\":\"2026-04-07T01:26:09+00:00\",\"description\":\"Valvula de Succion de Alta importada cuenta con una construcci\u00f3n robusta y materiales de primera calidad, esta v\u00e1lvula maximiza la succi\u00f3n.\",\"breadcrumb\":{\"@id\":\"https:\\\/\\\/sominastock.com\\\/index.php\\\/producto\\\/valvula-de-succion-de-alta-importada-boquilla-baja-importada\\\/#breadcrumb\"},\"inLanguage\":\"es\",\"potentialAction\":[{\"@type\":\"ReadAction\",\"target\":[\"https:\\\/\\\/sominastock.com\\\/index.php\\\/producto\\\/valvula-de-succion-de-alta-importada-boquilla-baja-importada\\\/\"]}]},{\"@type\":\"ImageObject\",\"inLanguage\":\"es\",\"@id\":\"https:\\\/\\\/sominastock.com\\\/index.php\\\/producto\\\/valvula-de-succion-de-alta-importada-boquilla-baja-importada\\\/#primaryimage\",\"url\":\"https:\\\/\\\/sominastock.com\\\/wp-content\\\/uploads\\\/2022\\\/11\\\/Boquilla-alta-2.png\",\"contentUrl\":\"https:\\\/\\\/sominastock.com\\\/wp-content\\\/uploads\\\/2022\\\/11\\\/Boquilla-alta-2.png\",\"width\":801,\"height\":800},{\"@type\":\"BreadcrumbList\",\"@id\":\"https:\\\/\\\/sominastock.com\\\/index.php\\\/producto\\\/valvula-de-succion-de-alta-importada-boquilla-baja-importada\\\/#breadcrumb\",\"itemListElement\":[{\"@type\":\"ListItem\",\"position\":1,\"name\":\"Portada\",\"item\":\"https:\\\/\\\/sominastock.com\\\/\"},{\"@type\":\"ListItem\",\"position\":2,\"name\":\"Tienda\",\"item\":\"https:\\\/\\\/sominastock.com\\\/index.php\\\/tienda\\\/\"},{\"@type\":\"ListItem\",\"position\":3,\"name\":\"Valvula de Succion de Alta importada\\\/Boquilla de Alta Importada\"}]},{\"@type\":\"WebSite\",\"@id\":\"https:\\\/\\\/sominastock.com\\\/#website\",\"url\":\"https:\\\/\\\/sominastock.com\\\/\",\"name\":\"Repuestos Dentales Somina\",\"description\":\"Repuestos para unidades dentales\",\"publisher\":{\"@id\":\"https:\\\/\\\/sominastock.com\\\/#organization\"},\"potentialAction\":[{\"@type\":\"SearchAction\",\"target\":{\"@type\":\"EntryPoint\",\"urlTemplate\":\"https:\\\/\\\/sominastock.com\\\/?s={search_term_string}\"},\"query-input\":{\"@type\":\"PropertyValueSpecification\",\"valueRequired\":true,\"valueName\":\"search_term_string\"}}],\"inLanguage\":\"es\"},{\"@type\":\"Organization\",\"@id\":\"https:\\\/\\\/sominastock.com\\\/#organization\",\"name\":\"Repuestos Dentales Somina\",\"url\":\"https:\\\/\\\/sominastock.com\\\/\",\"logo\":{\"@type\":\"ImageObject\",\"inLanguage\":\"es\",\"@id\":\"https:\\\/\\\/sominastock.com\\\/#\\\/schema\\\/logo\\\/image\\\/\",\"url\":\"https:\\\/\\\/sominastock.com\\\/wp-content\\\/uploads\\\/2024\\\/10\\\/cropped-icono-Photoroom.png\",\"contentUrl\":\"https:\\\/\\\/sominastock.com\\\/wp-content\\\/uploads\\\/2024\\\/10\\\/cropped-icono-Photoroom.png\",\"width\":512,\"height\":512,\"caption\":\"Repuestos Dentales Somina\"},\"image\":{\"@id\":\"https:\\\/\\\/sominastock.com\\\/#\\\/schema\\\/logo\\\/image\\\/\"}}]}<\/script>\n<!-- \/ Yoast SEO plugin. -->","yoast_head_json":{"title":"Valvula de Succion de Alta importada\/Boquilla de Alta Importada - Repuestos Dentales Somina","description":"Valvula de Succion de Alta importada cuenta con una construcci\u00f3n robusta y materiales de primera calidad, esta v\u00e1lvula maximiza la succi\u00f3n.","robots":{"index":"index","follow":"follow","max-snippet":"max-snippet:-1","max-image-preview":"max-image-preview:large","max-video-preview":"max-video-preview:-1"},"canonical":"https:\/\/sominastock.com\/index.php\/producto\/valvula-de-succion-de-alta-importada-boquilla-baja-importada\/","og_locale":"es_ES","og_type":"article","og_title":"Valvula de Succion de Alta importada\/Boquilla de Alta Importada - Repuestos Dentales Somina","og_description":"Valvula de Succion de Alta importada cuenta con una construcci\u00f3n robusta y materiales de primera calidad, esta v\u00e1lvula maximiza la succi\u00f3n.","og_url":"https:\/\/sominastock.com\/index.php\/producto\/valvula-de-succion-de-alta-importada-boquilla-baja-importada\/","og_site_name":"Repuestos Dentales Somina","article_modified_time":"2026-04-07T01:26:09+00:00","og_image":[{"width":801,"height":800,"url":"http:\/\/sominastock.com\/wp-content\/uploads\/2022\/11\/Boquilla-alta-2.png","type":"image\/png"}],"twitter_card":"summary_large_image","twitter_misc":{"Tiempo de lectura":"1 minuto"},"schema":{"@context":"https:\/\/schema.org","@graph":[{"@type":"WebPage","@id":"https:\/\/sominastock.com\/index.php\/producto\/valvula-de-succion-de-alta-importada-boquilla-baja-importada\/","url":"https:\/\/sominastock.com\/index.php\/producto\/valvula-de-succion-de-alta-importada-boquilla-baja-importada\/","name":"Valvula de Succion de Alta importada\/Boquilla de Alta Importada - Repuestos Dentales Somina","isPartOf":{"@id":"https:\/\/sominastock.com\/#website"},"primaryImageOfPage":{"@id":"https:\/\/sominastock.com\/index.php\/producto\/valvula-de-succion-de-alta-importada-boquilla-baja-importada\/#primaryimage"},"image":{"@id":"https:\/\/sominastock.com\/index.php\/producto\/valvula-de-succion-de-alta-importada-boquilla-baja-importada\/#primaryimage"},"thumbnailUrl":"https:\/\/sominastock.com\/wp-content\/uploads\/2022\/11\/Boquilla-alta-2.png","datePublished":"2022-12-03T20:27:19+00:00","dateModified":"2026-04-07T01:26:09+00:00","description":"Valvula de Succion de Alta importada cuenta con una construcci\u00f3n robusta y materiales de primera calidad, esta v\u00e1lvula maximiza la succi\u00f3n.","breadcrumb":{"@id":"https:\/\/sominastock.com\/index.php\/producto\/valvula-de-succion-de-alta-importada-boquilla-baja-importada\/#breadcrumb"},"inLanguage":"es","potentialAction":[{"@type":"ReadAction","target":["https:\/\/sominastock.com\/index.php\/producto\/valvula-de-succion-de-alta-importada-boquilla-baja-importada\/"]}]},{"@type":"ImageObject","inLanguage":"es","@id":"https:\/\/sominastock.com\/index.php\/producto\/valvula-de-succion-de-alta-importada-boquilla-baja-importada\/#primaryimage","url":"https:\/\/sominastock.com\/wp-content\/uploads\/2022\/11\/Boquilla-alta-2.png","contentUrl":"https:\/\/sominastock.com\/wp-content\/uploads\/2022\/11\/Boquilla-alta-2.png","width":801,"height":800},{"@type":"BreadcrumbList","@id":"https:\/\/sominastock.com\/index.php\/producto\/valvula-de-succion-de-alta-importada-boquilla-baja-importada\/#breadcrumb","itemListElement":[{"@type":"ListItem","position":1,"name":"Portada","item":"https:\/\/sominastock.com\/"},{"@type":"ListItem","position":2,"name":"Tienda","item":"https:\/\/sominastock.com\/index.php\/tienda\/"},{"@type":"ListItem","position":3,"name":"Valvula de Succion de Alta importada\/Boquilla de Alta Importada"}]},{"@type":"WebSite","@id":"https:\/\/sominastock.com\/#website","url":"https:\/\/sominastock.com\/","name":"Repuestos Dentales Somina","description":"Repuestos para unidades dentales","publisher":{"@id":"https:\/\/sominastock.com\/#organization"},"potentialAction":[{"@type":"SearchAction","target":{"@type":"EntryPoint","urlTemplate":"https:\/\/sominastock.com\/?s={search_term_string}"},"query-input":{"@type":"PropertyValueSpecification","valueRequired":true,"valueName":"search_term_string"}}],"inLanguage":"es"},{"@type":"Organization","@id":"https:\/\/sominastock.com\/#organization","name":"Repuestos Dentales Somina","url":"https:\/\/sominastock.com\/","logo":{"@type":"ImageObject","inLanguage":"es","@id":"https:\/\/sominastock.com\/#\/schema\/logo\/image\/","url":"https:\/\/sominastock.com\/wp-content\/uploads\/2024\/10\/cropped-icono-Photoroom.png","contentUrl":"https:\/\/sominastock.com\/wp-content\/uploads\/2024\/10\/cropped-icono-Photoroom.png","width":512,"height":512,"caption":"Repuestos Dentales Somina"},"image":{"@id":"https:\/\/sominastock.com\/#\/schema\/logo\/image\/"}}]}},"_links":{"self":[{"href":"https:\/\/sominastock.com\/index.php\/wp-json\/wp\/v2\/product\/2268","targetHints":{"allow":["GET"]}}],"collection":[{"href":"https:\/\/sominastock.com\/index.php\/wp-json\/wp\/v2\/product"}],"about":[{"href":"https:\/\/sominastock.com\/index.php\/wp-json\/wp\/v2\/types\/product"}],"replies":[{"embeddable":true,"href":"https:\/\/sominastock.com\/index.php\/wp-json\/wp\/v2\/comments?post=2268"}],"wp:featuredmedia":[{"embeddable":true,"href":"https:\/\/sominastock.com\/index.php\/wp-json\/wp\/v2\/media\/2186"}],"wp:attachment":[{"href":"https:\/\/sominastock.com\/index.php\/wp-json\/wp\/v2\/media?parent=2268"}],"wp:term":[{"taxonomy":"product_brand","embeddable":true,"href":"https:\/\/sominastock.com\/index.php\/wp-json\/wp\/v2\/product_brand?post=2268"},{"taxonomy":"product_cat","embeddable":true,"href":"https:\/\/sominastock.com\/index.php\/wp-json\/wp\/v2\/product_cat?post=2268"},{"taxonomy":"product_tag","embeddable":true,"href":"https:\/\/sominastock.com\/index.php\/wp-json\/wp\/v2\/product_tag?post=2268"}],"curies":[{"name":"wp","href":"https:\/\/api.w.org\/{rel}","templated":true}]}}