{"id":2568,"date":"2023-03-01T19:36:57","date_gmt":"2023-03-01T19:36:57","guid":{"rendered":"https:\/\/sominastock.com\/?post_type=product&#038;p=2568"},"modified":"2026-03-05T23:58:28","modified_gmt":"2026-03-05T23:58:28","slug":"calis-para-escupidera-o-acople-para-unidades-nacionales","status":"publish","type":"product","link":"https:\/\/sominastock.com\/index.php\/producto\/calis-para-escupidera-o-acople-para-unidades-nacionales\/","title":{"rendered":"Calis para Escupidera o Acople para Unidades Nacionales"},"content":{"rendered":"<p><strong>Calis para acople de modulos de escupideras<\/strong><\/p>\n<p>Este es un calis o acople de unidades dentales para que puedes adaptar cualquier tipo de buje con la escupidera de cer\u00e1mica i de cristal. Esta Dise\u00f1ada para que si tu modulo tiene un buje de medida mas peque\u00f1a puedas realizar una adaptaci\u00f3n a un modulo con acople mas grande.<\/p>\n","protected":false},"excerpt":{"rendered":"<p>Calis para acople de modulos de escupideras Este es un calis o acople de unidades dentales para que puedes adaptar cualquier tipo de buje con la escupidera de cer\u00e1mica i de cristal. Esta Dise\u00f1ada para que si tu modulo tiene un buje de medida mas peque\u00f1a puedas realizar una adaptaci\u00f3n a un modulo con acople [&hellip;]<\/p>\n","protected":false},"featured_media":2624,"comment_status":"closed","ping_status":"closed","template":"","meta":[],"product_brand":[],"product_cat":[40,17],"product_tag":[],"class_list":{"0":"post-2568","1":"product","2":"type-product","3":"status-publish","4":"has-post-thumbnail","6":"product_cat-favoritos-de-odontologos","7":"product_cat-parte-de-unidad-dental","9":"first","10":"instock","11":"taxable","12":"shipping-taxable","13":"purchasable","14":"product-type-simple"},"yoast_head":"<!-- This site is optimized with the Yoast SEO plugin v27.4 - https:\/\/yoast.com\/product\/yoast-seo-wordpress\/ -->\n<title>Calis para Escupidera o Acople para Unidades Nacionales - Repuestos Dentales Somina<\/title>\n<meta name=\"description\" content=\"Calis para Escupidera\" \/>\n<meta name=\"robots\" content=\"index, follow, max-snippet:-1, max-image-preview:large, max-video-preview:-1\" \/>\n<link rel=\"canonical\" href=\"https:\/\/sominastock.com\/index.php\/producto\/calis-para-escupidera-o-acople-para-unidades-nacionales\/\" \/>\n<meta property=\"og:locale\" content=\"es_ES\" \/>\n<meta property=\"og:type\" content=\"article\" \/>\n<meta property=\"og:title\" content=\"Calis para Escupidera o Acople para Unidades Nacionales - Repuestos Dentales Somina\" \/>\n<meta property=\"og:description\" content=\"Calis para Escupidera\" \/>\n<meta property=\"og:url\" content=\"https:\/\/sominastock.com\/index.php\/producto\/calis-para-escupidera-o-acople-para-unidades-nacionales\/\" \/>\n<meta property=\"og:site_name\" content=\"Repuestos Dentales Somina\" \/>\n<meta property=\"article:modified_time\" content=\"2026-03-05T23:58:28+00:00\" \/>\n<meta property=\"og:image\" content=\"http:\/\/sominastock.com\/wp-content\/uploads\/2023\/03\/Acople-Buje-Unidad.png\" \/>\n\t<meta property=\"og:image:width\" content=\"800\" \/>\n\t<meta property=\"og:image:height\" content=\"800\" \/>\n\t<meta property=\"og:image:type\" content=\"image\/png\" \/>\n<meta name=\"twitter:card\" content=\"summary_large_image\" \/>\n<meta name=\"twitter:label1\" content=\"Tiempo de lectura\" \/>\n\t<meta name=\"twitter:data1\" content=\"1 minuto\" \/>\n<script type=\"application\/ld+json\" class=\"yoast-schema-graph\">{\"@context\":\"https:\\\/\\\/schema.org\",\"@graph\":[{\"@type\":\"WebPage\",\"@id\":\"https:\\\/\\\/sominastock.com\\\/index.php\\\/producto\\\/calis-para-escupidera-o-acople-para-unidades-nacionales\\\/\",\"url\":\"https:\\\/\\\/sominastock.com\\\/index.php\\\/producto\\\/calis-para-escupidera-o-acople-para-unidades-nacionales\\\/\",\"name\":\"Calis para Escupidera o Acople para Unidades Nacionales - Repuestos Dentales Somina\",\"isPartOf\":{\"@id\":\"https:\\\/\\\/sominastock.com\\\/#website\"},\"primaryImageOfPage\":{\"@id\":\"https:\\\/\\\/sominastock.com\\\/index.php\\\/producto\\\/calis-para-escupidera-o-acople-para-unidades-nacionales\\\/#primaryimage\"},\"image\":{\"@id\":\"https:\\\/\\\/sominastock.com\\\/index.php\\\/producto\\\/calis-para-escupidera-o-acople-para-unidades-nacionales\\\/#primaryimage\"},\"thumbnailUrl\":\"https:\\\/\\\/sominastock.com\\\/wp-content\\\/uploads\\\/2023\\\/03\\\/Acople-Buje-Unidad.png\",\"datePublished\":\"2023-03-01T19:36:57+00:00\",\"dateModified\":\"2026-03-05T23:58:28+00:00\",\"description\":\"Calis para Escupidera\",\"breadcrumb\":{\"@id\":\"https:\\\/\\\/sominastock.com\\\/index.php\\\/producto\\\/calis-para-escupidera-o-acople-para-unidades-nacionales\\\/#breadcrumb\"},\"inLanguage\":\"es\",\"potentialAction\":[{\"@type\":\"ReadAction\",\"target\":[\"https:\\\/\\\/sominastock.com\\\/index.php\\\/producto\\\/calis-para-escupidera-o-acople-para-unidades-nacionales\\\/\"]}]},{\"@type\":\"ImageObject\",\"inLanguage\":\"es\",\"@id\":\"https:\\\/\\\/sominastock.com\\\/index.php\\\/producto\\\/calis-para-escupidera-o-acople-para-unidades-nacionales\\\/#primaryimage\",\"url\":\"https:\\\/\\\/sominastock.com\\\/wp-content\\\/uploads\\\/2023\\\/03\\\/Acople-Buje-Unidad.png\",\"contentUrl\":\"https:\\\/\\\/sominastock.com\\\/wp-content\\\/uploads\\\/2023\\\/03\\\/Acople-Buje-Unidad.png\",\"width\":800,\"height\":800},{\"@type\":\"BreadcrumbList\",\"@id\":\"https:\\\/\\\/sominastock.com\\\/index.php\\\/producto\\\/calis-para-escupidera-o-acople-para-unidades-nacionales\\\/#breadcrumb\",\"itemListElement\":[{\"@type\":\"ListItem\",\"position\":1,\"name\":\"Portada\",\"item\":\"https:\\\/\\\/sominastock.com\\\/\"},{\"@type\":\"ListItem\",\"position\":2,\"name\":\"Tienda\",\"item\":\"https:\\\/\\\/sominastock.com\\\/index.php\\\/tienda\\\/\"},{\"@type\":\"ListItem\",\"position\":3,\"name\":\"Calis para Escupidera o Acople para Unidades Nacionales\"}]},{\"@type\":\"WebSite\",\"@id\":\"https:\\\/\\\/sominastock.com\\\/#website\",\"url\":\"https:\\\/\\\/sominastock.com\\\/\",\"name\":\"Repuestos Dentales Somina\",\"description\":\"Repuestos para unidades dentales\",\"publisher\":{\"@id\":\"https:\\\/\\\/sominastock.com\\\/#organization\"},\"potentialAction\":[{\"@type\":\"SearchAction\",\"target\":{\"@type\":\"EntryPoint\",\"urlTemplate\":\"https:\\\/\\\/sominastock.com\\\/?s={search_term_string}\"},\"query-input\":{\"@type\":\"PropertyValueSpecification\",\"valueRequired\":true,\"valueName\":\"search_term_string\"}}],\"inLanguage\":\"es\"},{\"@type\":\"Organization\",\"@id\":\"https:\\\/\\\/sominastock.com\\\/#organization\",\"name\":\"Repuestos Dentales Somina\",\"url\":\"https:\\\/\\\/sominastock.com\\\/\",\"logo\":{\"@type\":\"ImageObject\",\"inLanguage\":\"es\",\"@id\":\"https:\\\/\\\/sominastock.com\\\/#\\\/schema\\\/logo\\\/image\\\/\",\"url\":\"https:\\\/\\\/sominastock.com\\\/wp-content\\\/uploads\\\/2024\\\/10\\\/cropped-icono-Photoroom.png\",\"contentUrl\":\"https:\\\/\\\/sominastock.com\\\/wp-content\\\/uploads\\\/2024\\\/10\\\/cropped-icono-Photoroom.png\",\"width\":512,\"height\":512,\"caption\":\"Repuestos Dentales Somina\"},\"image\":{\"@id\":\"https:\\\/\\\/sominastock.com\\\/#\\\/schema\\\/logo\\\/image\\\/\"}}]}<\/script>\n<!-- \/ Yoast SEO plugin. -->","yoast_head_json":{"title":"Calis para Escupidera o Acople para Unidades Nacionales - Repuestos Dentales Somina","description":"Calis para Escupidera","robots":{"index":"index","follow":"follow","max-snippet":"max-snippet:-1","max-image-preview":"max-image-preview:large","max-video-preview":"max-video-preview:-1"},"canonical":"https:\/\/sominastock.com\/index.php\/producto\/calis-para-escupidera-o-acople-para-unidades-nacionales\/","og_locale":"es_ES","og_type":"article","og_title":"Calis para Escupidera o Acople para Unidades Nacionales - Repuestos Dentales Somina","og_description":"Calis para Escupidera","og_url":"https:\/\/sominastock.com\/index.php\/producto\/calis-para-escupidera-o-acople-para-unidades-nacionales\/","og_site_name":"Repuestos Dentales Somina","article_modified_time":"2026-03-05T23:58:28+00:00","og_image":[{"width":800,"height":800,"url":"http:\/\/sominastock.com\/wp-content\/uploads\/2023\/03\/Acople-Buje-Unidad.png","type":"image\/png"}],"twitter_card":"summary_large_image","twitter_misc":{"Tiempo de lectura":"1 minuto"},"schema":{"@context":"https:\/\/schema.org","@graph":[{"@type":"WebPage","@id":"https:\/\/sominastock.com\/index.php\/producto\/calis-para-escupidera-o-acople-para-unidades-nacionales\/","url":"https:\/\/sominastock.com\/index.php\/producto\/calis-para-escupidera-o-acople-para-unidades-nacionales\/","name":"Calis para Escupidera o Acople para Unidades Nacionales - Repuestos Dentales Somina","isPartOf":{"@id":"https:\/\/sominastock.com\/#website"},"primaryImageOfPage":{"@id":"https:\/\/sominastock.com\/index.php\/producto\/calis-para-escupidera-o-acople-para-unidades-nacionales\/#primaryimage"},"image":{"@id":"https:\/\/sominastock.com\/index.php\/producto\/calis-para-escupidera-o-acople-para-unidades-nacionales\/#primaryimage"},"thumbnailUrl":"https:\/\/sominastock.com\/wp-content\/uploads\/2023\/03\/Acople-Buje-Unidad.png","datePublished":"2023-03-01T19:36:57+00:00","dateModified":"2026-03-05T23:58:28+00:00","description":"Calis para Escupidera","breadcrumb":{"@id":"https:\/\/sominastock.com\/index.php\/producto\/calis-para-escupidera-o-acople-para-unidades-nacionales\/#breadcrumb"},"inLanguage":"es","potentialAction":[{"@type":"ReadAction","target":["https:\/\/sominastock.com\/index.php\/producto\/calis-para-escupidera-o-acople-para-unidades-nacionales\/"]}]},{"@type":"ImageObject","inLanguage":"es","@id":"https:\/\/sominastock.com\/index.php\/producto\/calis-para-escupidera-o-acople-para-unidades-nacionales\/#primaryimage","url":"https:\/\/sominastock.com\/wp-content\/uploads\/2023\/03\/Acople-Buje-Unidad.png","contentUrl":"https:\/\/sominastock.com\/wp-content\/uploads\/2023\/03\/Acople-Buje-Unidad.png","width":800,"height":800},{"@type":"BreadcrumbList","@id":"https:\/\/sominastock.com\/index.php\/producto\/calis-para-escupidera-o-acople-para-unidades-nacionales\/#breadcrumb","itemListElement":[{"@type":"ListItem","position":1,"name":"Portada","item":"https:\/\/sominastock.com\/"},{"@type":"ListItem","position":2,"name":"Tienda","item":"https:\/\/sominastock.com\/index.php\/tienda\/"},{"@type":"ListItem","position":3,"name":"Calis para Escupidera o Acople para Unidades Nacionales"}]},{"@type":"WebSite","@id":"https:\/\/sominastock.com\/#website","url":"https:\/\/sominastock.com\/","name":"Repuestos Dentales Somina","description":"Repuestos para unidades dentales","publisher":{"@id":"https:\/\/sominastock.com\/#organization"},"potentialAction":[{"@type":"SearchAction","target":{"@type":"EntryPoint","urlTemplate":"https:\/\/sominastock.com\/?s={search_term_string}"},"query-input":{"@type":"PropertyValueSpecification","valueRequired":true,"valueName":"search_term_string"}}],"inLanguage":"es"},{"@type":"Organization","@id":"https:\/\/sominastock.com\/#organization","name":"Repuestos Dentales Somina","url":"https:\/\/sominastock.com\/","logo":{"@type":"ImageObject","inLanguage":"es","@id":"https:\/\/sominastock.com\/#\/schema\/logo\/image\/","url":"https:\/\/sominastock.com\/wp-content\/uploads\/2024\/10\/cropped-icono-Photoroom.png","contentUrl":"https:\/\/sominastock.com\/wp-content\/uploads\/2024\/10\/cropped-icono-Photoroom.png","width":512,"height":512,"caption":"Repuestos Dentales Somina"},"image":{"@id":"https:\/\/sominastock.com\/#\/schema\/logo\/image\/"}}]}},"_links":{"self":[{"href":"https:\/\/sominastock.com\/index.php\/wp-json\/wp\/v2\/product\/2568","targetHints":{"allow":["GET"]}}],"collection":[{"href":"https:\/\/sominastock.com\/index.php\/wp-json\/wp\/v2\/product"}],"about":[{"href":"https:\/\/sominastock.com\/index.php\/wp-json\/wp\/v2\/types\/product"}],"replies":[{"embeddable":true,"href":"https:\/\/sominastock.com\/index.php\/wp-json\/wp\/v2\/comments?post=2568"}],"wp:featuredmedia":[{"embeddable":true,"href":"https:\/\/sominastock.com\/index.php\/wp-json\/wp\/v2\/media\/2624"}],"wp:attachment":[{"href":"https:\/\/sominastock.com\/index.php\/wp-json\/wp\/v2\/media?parent=2568"}],"wp:term":[{"taxonomy":"product_brand","embeddable":true,"href":"https:\/\/sominastock.com\/index.php\/wp-json\/wp\/v2\/product_brand?post=2568"},{"taxonomy":"product_cat","embeddable":true,"href":"https:\/\/sominastock.com\/index.php\/wp-json\/wp\/v2\/product_cat?post=2568"},{"taxonomy":"product_tag","embeddable":true,"href":"https:\/\/sominastock.com\/index.php\/wp-json\/wp\/v2\/product_tag?post=2568"}],"curies":[{"name":"wp","href":"https:\/\/api.w.org\/{rel}","templated":true}]}}