{"id":355,"date":"2021-12-06T22:02:51","date_gmt":"2021-12-06T22:02:51","guid":{"rendered":"https:\/\/sominastock.com\/?post_type=product&#038;p=355"},"modified":"2026-04-16T00:14:06","modified_gmt":"2026-04-16T00:14:06","slug":"holder-automatico-tipo-huevo","status":"publish","type":"product","link":"https:\/\/sominastock.com\/index.php\/producto\/holder-automatico-tipo-huevo\/","title":{"rendered":"Holder Autom\u00e1tico tipo Huevo"},"content":{"rendered":"<p><strong>Holder Autom\u00e1tico Tipo Huevo<\/strong><\/p>\n<p>Descubre la innovaci\u00f3n en el control del flujo de aire para tu pieza de mano con nuestro Holder Autom\u00e1tico Tipo Huevo. Dise\u00f1ado para abrir y cerrar de manera precisa el paso del aire, este dispositivo garantiza un control \u00f3ptimo y eficiente durante procedimientos dentales u otros usos en los que se requiera una gesti\u00f3n precisa del flujo de aire.<\/p>\n<p>Nuestro holder autom\u00e1tico proporciona una funcionalidad avanzada mediante su dise\u00f1o intuitivo de apertura y cierre, permitiendo a los profesionales dentales regular el flujo de aire con precisi\u00f3n milim\u00e9trica. Su forma ergon\u00f3mica y moderna no solo optimiza el rendimiento, sino que tambi\u00e9n a\u00f1ade un toque est\u00e9tico distintivo a tu equipo dental.<\/p>\n<p>Caracter\u00edsticas destacadas:<\/p>\n<ul>\n<li>Control preciso del paso del aire para piezas de mano.<\/li>\n<li>Funcionalidad avanzada de apertura y cierre.<\/li>\n<li>Dise\u00f1o estilizado en forma de huevo para un aspecto moderno.<\/li>\n<li>Mejora la precisi\u00f3n y comodidad en procedimientos odontol\u00f3gicos.<\/li>\n<li>Complemento ideal para equipos profesionales.<\/li>\n<\/ul>\n<p>Potencia tu equipo dental con la precisi\u00f3n y la innovaci\u00f3n este producto. Asegura un control \u00f3ptimo del flujo de aire mientras a\u00f1ades un elemento estil\u00edstico distintivo a tu consultorio o cl\u00ednica.<\/p>\n<p><strong>Color:\u00a0<\/strong>Blanco<\/p>\n<p><strong>Material: <\/strong>Nylon 6<\/p>\n<p><a href=\"https:\/\/www.youtube.com\/watch?v=w4D6KOo-prU\"><img loading=\"lazy\" decoding=\"async\" class=\"alignnone wp-image-1105 size-full\" src=\"http:\/\/sominastock.com\/wp-content\/uploads\/2022\/01\/logo-youtube-e1642437571339.png\" alt=\"\" width=\"150\" height=\"105\" \/><\/a><\/p>\n<p>Obt\u00e9n m\u00e1s informaci\u00f3n de productos similares&#8230;<\/p>\n<p><a href=\"https:\/\/sominastock.com\/index.php\/categoria-producto\/favoritos-de-odontologos\/\">https:\/\/sominastock.com\/index.php\/categoria-producto\/favoritos-de-odontologos\/<\/a><\/p>\n","protected":false},"excerpt":{"rendered":"<p>Holder Autom\u00e1tico Tipo Huevo de color blanco o gris para pieza de mano tambi\u00e9n micromotores y\/o eyectores.<\/p>\n","protected":false},"featured_media":1620,"comment_status":"open","ping_status":"closed","template":"","meta":[],"product_brand":[],"product_cat":[40],"product_tag":[20],"class_list":{"0":"post-355","1":"product","2":"type-product","3":"status-publish","4":"has-post-thumbnail","6":"product_cat-favoritos-de-odontologos","7":"product_tag-soporte","9":"first","10":"outofstock","11":"taxable","12":"shipping-taxable","13":"purchasable","14":"product-type-simple"},"yoast_head":"<!-- This site is optimized with the Yoast SEO plugin v27.4 - https:\/\/yoast.com\/product\/yoast-seo-wordpress\/ -->\n<title>Holder Autom\u00e1tico tipo Huevo - Repuestos Dentales Somina<\/title>\n<meta name=\"description\" content=\"Holder Autom\u00e1tico Tipo Huevo dise\u00f1ado para abrir y cerrar de manera precisa el paso del aire, este dispositivo garantiza un control \u00f3ptimo y eficiente.\" \/>\n<meta name=\"robots\" content=\"index, follow, max-snippet:-1, max-image-preview:large, max-video-preview:-1\" \/>\n<link rel=\"canonical\" href=\"https:\/\/sominastock.com\/index.php\/producto\/holder-automatico-tipo-huevo\/\" \/>\n<meta property=\"og:locale\" content=\"es_ES\" \/>\n<meta property=\"og:type\" content=\"article\" \/>\n<meta property=\"og:title\" content=\"Holder Autom\u00e1tico tipo Huevo - Repuestos Dentales Somina\" \/>\n<meta property=\"og:description\" content=\"Holder Autom\u00e1tico Tipo Huevo dise\u00f1ado para abrir y cerrar de manera precisa el paso del aire, este dispositivo garantiza un control \u00f3ptimo y eficiente.\" \/>\n<meta property=\"og:url\" content=\"https:\/\/sominastock.com\/index.php\/producto\/holder-automatico-tipo-huevo\/\" \/>\n<meta property=\"og:site_name\" content=\"Repuestos Dentales Somina\" \/>\n<meta property=\"article:modified_time\" content=\"2026-04-16T00:14:06+00:00\" \/>\n<meta property=\"og:image\" content=\"http:\/\/sominastock.com\/wp-content\/uploads\/2021\/12\/Holder-Automatico-1.png\" \/>\n\t<meta property=\"og:image:width\" content=\"800\" \/>\n\t<meta property=\"og:image:height\" content=\"800\" \/>\n\t<meta property=\"og:image:type\" content=\"image\/png\" \/>\n<meta name=\"twitter:card\" content=\"summary_large_image\" \/>\n<meta name=\"twitter:label1\" content=\"Tiempo de lectura\" \/>\n\t<meta name=\"twitter:data1\" content=\"2 minutos\" \/>\n<script type=\"application\/ld+json\" class=\"yoast-schema-graph\">{\"@context\":\"https:\\\/\\\/schema.org\",\"@graph\":[{\"@type\":\"WebPage\",\"@id\":\"https:\\\/\\\/sominastock.com\\\/index.php\\\/producto\\\/holder-automatico-tipo-huevo\\\/\",\"url\":\"https:\\\/\\\/sominastock.com\\\/index.php\\\/producto\\\/holder-automatico-tipo-huevo\\\/\",\"name\":\"Holder Autom\u00e1tico tipo Huevo - Repuestos Dentales Somina\",\"isPartOf\":{\"@id\":\"https:\\\/\\\/sominastock.com\\\/#website\"},\"primaryImageOfPage\":{\"@id\":\"https:\\\/\\\/sominastock.com\\\/index.php\\\/producto\\\/holder-automatico-tipo-huevo\\\/#primaryimage\"},\"image\":{\"@id\":\"https:\\\/\\\/sominastock.com\\\/index.php\\\/producto\\\/holder-automatico-tipo-huevo\\\/#primaryimage\"},\"thumbnailUrl\":\"https:\\\/\\\/sominastock.com\\\/wp-content\\\/uploads\\\/2021\\\/12\\\/Holder-Automatico-1.png\",\"datePublished\":\"2021-12-06T22:02:51+00:00\",\"dateModified\":\"2026-04-16T00:14:06+00:00\",\"description\":\"Holder Autom\u00e1tico Tipo Huevo dise\u00f1ado para abrir y cerrar de manera precisa el paso del aire, este dispositivo garantiza un control \u00f3ptimo y eficiente.\",\"breadcrumb\":{\"@id\":\"https:\\\/\\\/sominastock.com\\\/index.php\\\/producto\\\/holder-automatico-tipo-huevo\\\/#breadcrumb\"},\"inLanguage\":\"es\",\"potentialAction\":[{\"@type\":\"ReadAction\",\"target\":[\"https:\\\/\\\/sominastock.com\\\/index.php\\\/producto\\\/holder-automatico-tipo-huevo\\\/\"]}]},{\"@type\":\"ImageObject\",\"inLanguage\":\"es\",\"@id\":\"https:\\\/\\\/sominastock.com\\\/index.php\\\/producto\\\/holder-automatico-tipo-huevo\\\/#primaryimage\",\"url\":\"https:\\\/\\\/sominastock.com\\\/wp-content\\\/uploads\\\/2021\\\/12\\\/Holder-Automatico-1.png\",\"contentUrl\":\"https:\\\/\\\/sominastock.com\\\/wp-content\\\/uploads\\\/2021\\\/12\\\/Holder-Automatico-1.png\",\"width\":800,\"height\":800},{\"@type\":\"BreadcrumbList\",\"@id\":\"https:\\\/\\\/sominastock.com\\\/index.php\\\/producto\\\/holder-automatico-tipo-huevo\\\/#breadcrumb\",\"itemListElement\":[{\"@type\":\"ListItem\",\"position\":1,\"name\":\"Portada\",\"item\":\"https:\\\/\\\/sominastock.com\\\/\"},{\"@type\":\"ListItem\",\"position\":2,\"name\":\"Tienda\",\"item\":\"https:\\\/\\\/sominastock.com\\\/index.php\\\/tienda\\\/\"},{\"@type\":\"ListItem\",\"position\":3,\"name\":\"Holder Autom\u00e1tico tipo Huevo\"}]},{\"@type\":\"WebSite\",\"@id\":\"https:\\\/\\\/sominastock.com\\\/#website\",\"url\":\"https:\\\/\\\/sominastock.com\\\/\",\"name\":\"Repuestos Dentales Somina\",\"description\":\"Repuestos para unidades dentales\",\"publisher\":{\"@id\":\"https:\\\/\\\/sominastock.com\\\/#organization\"},\"potentialAction\":[{\"@type\":\"SearchAction\",\"target\":{\"@type\":\"EntryPoint\",\"urlTemplate\":\"https:\\\/\\\/sominastock.com\\\/?s={search_term_string}\"},\"query-input\":{\"@type\":\"PropertyValueSpecification\",\"valueRequired\":true,\"valueName\":\"search_term_string\"}}],\"inLanguage\":\"es\"},{\"@type\":\"Organization\",\"@id\":\"https:\\\/\\\/sominastock.com\\\/#organization\",\"name\":\"Repuestos Dentales Somina\",\"url\":\"https:\\\/\\\/sominastock.com\\\/\",\"logo\":{\"@type\":\"ImageObject\",\"inLanguage\":\"es\",\"@id\":\"https:\\\/\\\/sominastock.com\\\/#\\\/schema\\\/logo\\\/image\\\/\",\"url\":\"https:\\\/\\\/sominastock.com\\\/wp-content\\\/uploads\\\/2024\\\/10\\\/cropped-icono-Photoroom.png\",\"contentUrl\":\"https:\\\/\\\/sominastock.com\\\/wp-content\\\/uploads\\\/2024\\\/10\\\/cropped-icono-Photoroom.png\",\"width\":512,\"height\":512,\"caption\":\"Repuestos Dentales Somina\"},\"image\":{\"@id\":\"https:\\\/\\\/sominastock.com\\\/#\\\/schema\\\/logo\\\/image\\\/\"}}]}<\/script>\n<!-- \/ Yoast SEO plugin. -->","yoast_head_json":{"title":"Holder Autom\u00e1tico tipo Huevo - Repuestos Dentales Somina","description":"Holder Autom\u00e1tico Tipo Huevo dise\u00f1ado para abrir y cerrar de manera precisa el paso del aire, este dispositivo garantiza un control \u00f3ptimo y eficiente.","robots":{"index":"index","follow":"follow","max-snippet":"max-snippet:-1","max-image-preview":"max-image-preview:large","max-video-preview":"max-video-preview:-1"},"canonical":"https:\/\/sominastock.com\/index.php\/producto\/holder-automatico-tipo-huevo\/","og_locale":"es_ES","og_type":"article","og_title":"Holder Autom\u00e1tico tipo Huevo - Repuestos Dentales Somina","og_description":"Holder Autom\u00e1tico Tipo Huevo dise\u00f1ado para abrir y cerrar de manera precisa el paso del aire, este dispositivo garantiza un control \u00f3ptimo y eficiente.","og_url":"https:\/\/sominastock.com\/index.php\/producto\/holder-automatico-tipo-huevo\/","og_site_name":"Repuestos Dentales Somina","article_modified_time":"2026-04-16T00:14:06+00:00","og_image":[{"width":800,"height":800,"url":"http:\/\/sominastock.com\/wp-content\/uploads\/2021\/12\/Holder-Automatico-1.png","type":"image\/png"}],"twitter_card":"summary_large_image","twitter_misc":{"Tiempo de lectura":"2 minutos"},"schema":{"@context":"https:\/\/schema.org","@graph":[{"@type":"WebPage","@id":"https:\/\/sominastock.com\/index.php\/producto\/holder-automatico-tipo-huevo\/","url":"https:\/\/sominastock.com\/index.php\/producto\/holder-automatico-tipo-huevo\/","name":"Holder Autom\u00e1tico tipo Huevo - Repuestos Dentales Somina","isPartOf":{"@id":"https:\/\/sominastock.com\/#website"},"primaryImageOfPage":{"@id":"https:\/\/sominastock.com\/index.php\/producto\/holder-automatico-tipo-huevo\/#primaryimage"},"image":{"@id":"https:\/\/sominastock.com\/index.php\/producto\/holder-automatico-tipo-huevo\/#primaryimage"},"thumbnailUrl":"https:\/\/sominastock.com\/wp-content\/uploads\/2021\/12\/Holder-Automatico-1.png","datePublished":"2021-12-06T22:02:51+00:00","dateModified":"2026-04-16T00:14:06+00:00","description":"Holder Autom\u00e1tico Tipo Huevo dise\u00f1ado para abrir y cerrar de manera precisa el paso del aire, este dispositivo garantiza un control \u00f3ptimo y eficiente.","breadcrumb":{"@id":"https:\/\/sominastock.com\/index.php\/producto\/holder-automatico-tipo-huevo\/#breadcrumb"},"inLanguage":"es","potentialAction":[{"@type":"ReadAction","target":["https:\/\/sominastock.com\/index.php\/producto\/holder-automatico-tipo-huevo\/"]}]},{"@type":"ImageObject","inLanguage":"es","@id":"https:\/\/sominastock.com\/index.php\/producto\/holder-automatico-tipo-huevo\/#primaryimage","url":"https:\/\/sominastock.com\/wp-content\/uploads\/2021\/12\/Holder-Automatico-1.png","contentUrl":"https:\/\/sominastock.com\/wp-content\/uploads\/2021\/12\/Holder-Automatico-1.png","width":800,"height":800},{"@type":"BreadcrumbList","@id":"https:\/\/sominastock.com\/index.php\/producto\/holder-automatico-tipo-huevo\/#breadcrumb","itemListElement":[{"@type":"ListItem","position":1,"name":"Portada","item":"https:\/\/sominastock.com\/"},{"@type":"ListItem","position":2,"name":"Tienda","item":"https:\/\/sominastock.com\/index.php\/tienda\/"},{"@type":"ListItem","position":3,"name":"Holder Autom\u00e1tico tipo Huevo"}]},{"@type":"WebSite","@id":"https:\/\/sominastock.com\/#website","url":"https:\/\/sominastock.com\/","name":"Repuestos Dentales Somina","description":"Repuestos para unidades dentales","publisher":{"@id":"https:\/\/sominastock.com\/#organization"},"potentialAction":[{"@type":"SearchAction","target":{"@type":"EntryPoint","urlTemplate":"https:\/\/sominastock.com\/?s={search_term_string}"},"query-input":{"@type":"PropertyValueSpecification","valueRequired":true,"valueName":"search_term_string"}}],"inLanguage":"es"},{"@type":"Organization","@id":"https:\/\/sominastock.com\/#organization","name":"Repuestos Dentales Somina","url":"https:\/\/sominastock.com\/","logo":{"@type":"ImageObject","inLanguage":"es","@id":"https:\/\/sominastock.com\/#\/schema\/logo\/image\/","url":"https:\/\/sominastock.com\/wp-content\/uploads\/2024\/10\/cropped-icono-Photoroom.png","contentUrl":"https:\/\/sominastock.com\/wp-content\/uploads\/2024\/10\/cropped-icono-Photoroom.png","width":512,"height":512,"caption":"Repuestos Dentales Somina"},"image":{"@id":"https:\/\/sominastock.com\/#\/schema\/logo\/image\/"}}]}},"_links":{"self":[{"href":"https:\/\/sominastock.com\/index.php\/wp-json\/wp\/v2\/product\/355","targetHints":{"allow":["GET"]}}],"collection":[{"href":"https:\/\/sominastock.com\/index.php\/wp-json\/wp\/v2\/product"}],"about":[{"href":"https:\/\/sominastock.com\/index.php\/wp-json\/wp\/v2\/types\/product"}],"replies":[{"embeddable":true,"href":"https:\/\/sominastock.com\/index.php\/wp-json\/wp\/v2\/comments?post=355"}],"wp:featuredmedia":[{"embeddable":true,"href":"https:\/\/sominastock.com\/index.php\/wp-json\/wp\/v2\/media\/1620"}],"wp:attachment":[{"href":"https:\/\/sominastock.com\/index.php\/wp-json\/wp\/v2\/media?parent=355"}],"wp:term":[{"taxonomy":"product_brand","embeddable":true,"href":"https:\/\/sominastock.com\/index.php\/wp-json\/wp\/v2\/product_brand?post=355"},{"taxonomy":"product_cat","embeddable":true,"href":"https:\/\/sominastock.com\/index.php\/wp-json\/wp\/v2\/product_cat?post=355"},{"taxonomy":"product_tag","embeddable":true,"href":"https:\/\/sominastock.com\/index.php\/wp-json\/wp\/v2\/product_tag?post=355"}],"curies":[{"name":"wp","href":"https:\/\/api.w.org\/{rel}","templated":true}]}}