{"id":384,"date":"2021-12-06T22:02:54","date_gmt":"2021-12-06T22:02:54","guid":{"rendered":"https:\/\/sominastock.com\/?post_type=product&#038;p=384"},"modified":"2026-04-07T01:26:09","modified_gmt":"2026-04-07T01:26:09","slug":"b3","status":"publish","type":"product","link":"https:\/\/sominastock.com\/index.php\/producto\/b3\/","title":{"rendered":"Racor B3"},"content":{"rendered":"<p>El Racor B-3 espigo para manguera es un accesorio de alta calidad fabricado en bronce lat\u00f3n. Este racor proporciona una conexi\u00f3n segura y confiable entre la manguera y otros componentes de un sistema.<\/p>\n<p>El Racor B-3 est\u00e1 dise\u00f1ado con una rosca NPT que permite una f\u00e1cil instalaci\u00f3n y un ajuste preciso. Adem\u00e1s, ofrece la opci\u00f3n de fabricaci\u00f3n a medida, tanto en el espigo como en el tipo de rosca, para adaptarse a tus necesidades espec\u00edficas.<\/p>\n<p>La medida del espigo corresponde a la medida interna ID de la manguera, asegurando un ajuste perfecto y un sellado \u00f3ptimo. Este racor garantiza una conexi\u00f3n resistente a fugas y duradera en aplicaciones neum\u00e1ticas y de fluidos.<\/p>\n<p>Conf\u00eda en la calidad y rendimiento del Racor B-3 espigo para manguera marca Somina. Es la soluci\u00f3n ideal para tus proyectos industriales y comerciales que requieren una conexi\u00f3n segura y confiable entre mangueras y otros equipos.<\/p>\n","protected":false},"excerpt":{"rendered":"<p>El Racor B-3 espigo para manguera es un accesorio de alta calidad fabricado en bronce lat\u00f3n. Este racor proporciona una conexi\u00f3n segura y confiable entre la manguera y otros componentes de un sistema. El Racor B-3 est\u00e1 dise\u00f1ado con una rosca NPT que permite una f\u00e1cil instalaci\u00f3n y un ajuste preciso. Adem\u00e1s, ofrece la opci\u00f3n [&hellip;]<\/p>\n","protected":false},"featured_media":1524,"comment_status":"open","ping_status":"closed","template":"","meta":[],"product_brand":[],"product_cat":[25],"product_tag":[],"class_list":{"0":"post-384","1":"product","2":"type-product","3":"status-publish","4":"has-post-thumbnail","6":"product_cat-acoples","8":"first","9":"outofstock","10":"taxable","11":"shipping-taxable","12":"purchasable","13":"product-type-simple"},"yoast_head":"<!-- This site is optimized with the Yoast SEO plugin v27.4 - https:\/\/yoast.com\/product\/yoast-seo-wordpress\/ -->\n<title>Racor B3 - Repuestos Dentales Somina<\/title>\n<meta name=\"robots\" content=\"index, follow, max-snippet:-1, max-image-preview:large, max-video-preview:-1\" \/>\n<link rel=\"canonical\" href=\"https:\/\/sominastock.com\/index.php\/producto\/b3\/\" \/>\n<meta property=\"og:locale\" content=\"es_ES\" \/>\n<meta property=\"og:type\" content=\"article\" \/>\n<meta property=\"og:title\" content=\"Racor B3 - Repuestos Dentales Somina\" \/>\n<meta property=\"og:description\" content=\"El Racor B-3 espigo para manguera es un accesorio de alta calidad fabricado en bronce lat\u00f3n. Este racor proporciona una conexi\u00f3n segura y confiable entre la manguera y otros componentes de un sistema. El Racor B-3 est\u00e1 dise\u00f1ado con una rosca NPT que permite una f\u00e1cil instalaci\u00f3n y un ajuste preciso. Adem\u00e1s, ofrece la opci\u00f3n [&hellip;]\" \/>\n<meta property=\"og:url\" content=\"https:\/\/sominastock.com\/index.php\/producto\/b3\/\" \/>\n<meta property=\"og:site_name\" content=\"Repuestos Dentales Somina\" \/>\n<meta property=\"article:modified_time\" content=\"2026-04-07T01:26:09+00:00\" \/>\n<meta property=\"og:image\" content=\"http:\/\/sominastock.com\/wp-content\/uploads\/2021\/12\/B3.png\" \/>\n\t<meta property=\"og:image:width\" content=\"800\" \/>\n\t<meta property=\"og:image:height\" content=\"800\" \/>\n\t<meta property=\"og:image:type\" content=\"image\/png\" \/>\n<meta name=\"twitter:card\" content=\"summary_large_image\" \/>\n<meta name=\"twitter:label1\" content=\"Tiempo de lectura\" \/>\n\t<meta name=\"twitter:data1\" content=\"1 minuto\" \/>\n<script type=\"application\/ld+json\" class=\"yoast-schema-graph\">{\"@context\":\"https:\\\/\\\/schema.org\",\"@graph\":[{\"@type\":\"WebPage\",\"@id\":\"https:\\\/\\\/sominastock.com\\\/index.php\\\/producto\\\/b3\\\/\",\"url\":\"https:\\\/\\\/sominastock.com\\\/index.php\\\/producto\\\/b3\\\/\",\"name\":\"Racor B3 - Repuestos Dentales Somina\",\"isPartOf\":{\"@id\":\"https:\\\/\\\/sominastock.com\\\/#website\"},\"primaryImageOfPage\":{\"@id\":\"https:\\\/\\\/sominastock.com\\\/index.php\\\/producto\\\/b3\\\/#primaryimage\"},\"image\":{\"@id\":\"https:\\\/\\\/sominastock.com\\\/index.php\\\/producto\\\/b3\\\/#primaryimage\"},\"thumbnailUrl\":\"https:\\\/\\\/sominastock.com\\\/wp-content\\\/uploads\\\/2021\\\/12\\\/B3.png\",\"datePublished\":\"2021-12-06T22:02:54+00:00\",\"dateModified\":\"2026-04-07T01:26:09+00:00\",\"breadcrumb\":{\"@id\":\"https:\\\/\\\/sominastock.com\\\/index.php\\\/producto\\\/b3\\\/#breadcrumb\"},\"inLanguage\":\"es\",\"potentialAction\":[{\"@type\":\"ReadAction\",\"target\":[\"https:\\\/\\\/sominastock.com\\\/index.php\\\/producto\\\/b3\\\/\"]}]},{\"@type\":\"ImageObject\",\"inLanguage\":\"es\",\"@id\":\"https:\\\/\\\/sominastock.com\\\/index.php\\\/producto\\\/b3\\\/#primaryimage\",\"url\":\"https:\\\/\\\/sominastock.com\\\/wp-content\\\/uploads\\\/2021\\\/12\\\/B3.png\",\"contentUrl\":\"https:\\\/\\\/sominastock.com\\\/wp-content\\\/uploads\\\/2021\\\/12\\\/B3.png\",\"width\":800,\"height\":800},{\"@type\":\"BreadcrumbList\",\"@id\":\"https:\\\/\\\/sominastock.com\\\/index.php\\\/producto\\\/b3\\\/#breadcrumb\",\"itemListElement\":[{\"@type\":\"ListItem\",\"position\":1,\"name\":\"Portada\",\"item\":\"https:\\\/\\\/sominastock.com\\\/\"},{\"@type\":\"ListItem\",\"position\":2,\"name\":\"Tienda\",\"item\":\"https:\\\/\\\/sominastock.com\\\/index.php\\\/tienda\\\/\"},{\"@type\":\"ListItem\",\"position\":3,\"name\":\"Racor B3\"}]},{\"@type\":\"WebSite\",\"@id\":\"https:\\\/\\\/sominastock.com\\\/#website\",\"url\":\"https:\\\/\\\/sominastock.com\\\/\",\"name\":\"Repuestos Dentales Somina\",\"description\":\"Repuestos para unidades dentales\",\"publisher\":{\"@id\":\"https:\\\/\\\/sominastock.com\\\/#organization\"},\"potentialAction\":[{\"@type\":\"SearchAction\",\"target\":{\"@type\":\"EntryPoint\",\"urlTemplate\":\"https:\\\/\\\/sominastock.com\\\/?s={search_term_string}\"},\"query-input\":{\"@type\":\"PropertyValueSpecification\",\"valueRequired\":true,\"valueName\":\"search_term_string\"}}],\"inLanguage\":\"es\"},{\"@type\":\"Organization\",\"@id\":\"https:\\\/\\\/sominastock.com\\\/#organization\",\"name\":\"Repuestos Dentales Somina\",\"url\":\"https:\\\/\\\/sominastock.com\\\/\",\"logo\":{\"@type\":\"ImageObject\",\"inLanguage\":\"es\",\"@id\":\"https:\\\/\\\/sominastock.com\\\/#\\\/schema\\\/logo\\\/image\\\/\",\"url\":\"https:\\\/\\\/sominastock.com\\\/wp-content\\\/uploads\\\/2024\\\/10\\\/cropped-icono-Photoroom.png\",\"contentUrl\":\"https:\\\/\\\/sominastock.com\\\/wp-content\\\/uploads\\\/2024\\\/10\\\/cropped-icono-Photoroom.png\",\"width\":512,\"height\":512,\"caption\":\"Repuestos Dentales Somina\"},\"image\":{\"@id\":\"https:\\\/\\\/sominastock.com\\\/#\\\/schema\\\/logo\\\/image\\\/\"}}]}<\/script>\n<!-- \/ Yoast SEO plugin. -->","yoast_head_json":{"title":"Racor B3 - Repuestos Dentales Somina","robots":{"index":"index","follow":"follow","max-snippet":"max-snippet:-1","max-image-preview":"max-image-preview:large","max-video-preview":"max-video-preview:-1"},"canonical":"https:\/\/sominastock.com\/index.php\/producto\/b3\/","og_locale":"es_ES","og_type":"article","og_title":"Racor B3 - Repuestos Dentales Somina","og_description":"El Racor B-3 espigo para manguera es un accesorio de alta calidad fabricado en bronce lat\u00f3n. Este racor proporciona una conexi\u00f3n segura y confiable entre la manguera y otros componentes de un sistema. El Racor B-3 est\u00e1 dise\u00f1ado con una rosca NPT que permite una f\u00e1cil instalaci\u00f3n y un ajuste preciso. Adem\u00e1s, ofrece la opci\u00f3n [&hellip;]","og_url":"https:\/\/sominastock.com\/index.php\/producto\/b3\/","og_site_name":"Repuestos Dentales Somina","article_modified_time":"2026-04-07T01:26:09+00:00","og_image":[{"width":800,"height":800,"url":"http:\/\/sominastock.com\/wp-content\/uploads\/2021\/12\/B3.png","type":"image\/png"}],"twitter_card":"summary_large_image","twitter_misc":{"Tiempo de lectura":"1 minuto"},"schema":{"@context":"https:\/\/schema.org","@graph":[{"@type":"WebPage","@id":"https:\/\/sominastock.com\/index.php\/producto\/b3\/","url":"https:\/\/sominastock.com\/index.php\/producto\/b3\/","name":"Racor B3 - Repuestos Dentales Somina","isPartOf":{"@id":"https:\/\/sominastock.com\/#website"},"primaryImageOfPage":{"@id":"https:\/\/sominastock.com\/index.php\/producto\/b3\/#primaryimage"},"image":{"@id":"https:\/\/sominastock.com\/index.php\/producto\/b3\/#primaryimage"},"thumbnailUrl":"https:\/\/sominastock.com\/wp-content\/uploads\/2021\/12\/B3.png","datePublished":"2021-12-06T22:02:54+00:00","dateModified":"2026-04-07T01:26:09+00:00","breadcrumb":{"@id":"https:\/\/sominastock.com\/index.php\/producto\/b3\/#breadcrumb"},"inLanguage":"es","potentialAction":[{"@type":"ReadAction","target":["https:\/\/sominastock.com\/index.php\/producto\/b3\/"]}]},{"@type":"ImageObject","inLanguage":"es","@id":"https:\/\/sominastock.com\/index.php\/producto\/b3\/#primaryimage","url":"https:\/\/sominastock.com\/wp-content\/uploads\/2021\/12\/B3.png","contentUrl":"https:\/\/sominastock.com\/wp-content\/uploads\/2021\/12\/B3.png","width":800,"height":800},{"@type":"BreadcrumbList","@id":"https:\/\/sominastock.com\/index.php\/producto\/b3\/#breadcrumb","itemListElement":[{"@type":"ListItem","position":1,"name":"Portada","item":"https:\/\/sominastock.com\/"},{"@type":"ListItem","position":2,"name":"Tienda","item":"https:\/\/sominastock.com\/index.php\/tienda\/"},{"@type":"ListItem","position":3,"name":"Racor B3"}]},{"@type":"WebSite","@id":"https:\/\/sominastock.com\/#website","url":"https:\/\/sominastock.com\/","name":"Repuestos Dentales Somina","description":"Repuestos para unidades dentales","publisher":{"@id":"https:\/\/sominastock.com\/#organization"},"potentialAction":[{"@type":"SearchAction","target":{"@type":"EntryPoint","urlTemplate":"https:\/\/sominastock.com\/?s={search_term_string}"},"query-input":{"@type":"PropertyValueSpecification","valueRequired":true,"valueName":"search_term_string"}}],"inLanguage":"es"},{"@type":"Organization","@id":"https:\/\/sominastock.com\/#organization","name":"Repuestos Dentales Somina","url":"https:\/\/sominastock.com\/","logo":{"@type":"ImageObject","inLanguage":"es","@id":"https:\/\/sominastock.com\/#\/schema\/logo\/image\/","url":"https:\/\/sominastock.com\/wp-content\/uploads\/2024\/10\/cropped-icono-Photoroom.png","contentUrl":"https:\/\/sominastock.com\/wp-content\/uploads\/2024\/10\/cropped-icono-Photoroom.png","width":512,"height":512,"caption":"Repuestos Dentales Somina"},"image":{"@id":"https:\/\/sominastock.com\/#\/schema\/logo\/image\/"}}]}},"_links":{"self":[{"href":"https:\/\/sominastock.com\/index.php\/wp-json\/wp\/v2\/product\/384","targetHints":{"allow":["GET"]}}],"collection":[{"href":"https:\/\/sominastock.com\/index.php\/wp-json\/wp\/v2\/product"}],"about":[{"href":"https:\/\/sominastock.com\/index.php\/wp-json\/wp\/v2\/types\/product"}],"replies":[{"embeddable":true,"href":"https:\/\/sominastock.com\/index.php\/wp-json\/wp\/v2\/comments?post=384"}],"wp:featuredmedia":[{"embeddable":true,"href":"https:\/\/sominastock.com\/index.php\/wp-json\/wp\/v2\/media\/1524"}],"wp:attachment":[{"href":"https:\/\/sominastock.com\/index.php\/wp-json\/wp\/v2\/media?parent=384"}],"wp:term":[{"taxonomy":"product_brand","embeddable":true,"href":"https:\/\/sominastock.com\/index.php\/wp-json\/wp\/v2\/product_brand?post=384"},{"taxonomy":"product_cat","embeddable":true,"href":"https:\/\/sominastock.com\/index.php\/wp-json\/wp\/v2\/product_cat?post=384"},{"taxonomy":"product_tag","embeddable":true,"href":"https:\/\/sominastock.com\/index.php\/wp-json\/wp\/v2\/product_tag?post=384"}],"curies":[{"name":"wp","href":"https:\/\/api.w.org\/{rel}","templated":true}]}}