{"id":396,"date":"2021-12-06T22:02:54","date_gmt":"2021-12-06T22:02:54","guid":{"rendered":"https:\/\/sominastock.com\/?post_type=product&#038;p=396"},"modified":"2026-04-07T23:04:19","modified_gmt":"2026-04-07T23:04:19","slug":"fitin-racor-tee","status":"publish","type":"product","link":"https:\/\/sominastock.com\/index.php\/producto\/fitin-racor-tee\/","title":{"rendered":"Tee Racor"},"content":{"rendered":"<p>Optimiza tus sistemas de tuber\u00edas con nuestro Fitin Racor Tee. Esta pieza esencial en forma de &#8216;T&#8217; ofrece conexiones precisas y vers\u00e1tiles, permiti\u00e9ndote crear derivaciones en \u00e1ngulo de 90 grados para dirigir el flujo de l\u00edquidos o aire en dos direcciones en tus sistemas de plomer\u00eda, aire comprimido u otros equipos.<\/p>\n<p>Fabricado con materiales duraderos y de alta calidad, nuestro racor tee garantiza una conexi\u00f3n resistente y segura, evitando fugas y asegurando un flujo fluido en el sistema. Su dise\u00f1o compacto y de f\u00e1cil instalaci\u00f3n lo convierte en una soluci\u00f3n pr\u00e1ctica para mejorar la eficiencia y funcionalidad de tus sistemas de tuber\u00edas.<\/p>\n<p><strong>Caracter\u00edsticas destacadas:<\/strong><\/p>\n<ul>\n<li>Fitin racor tee para crear derivaciones precisas en sistemas de tuber\u00edas.<\/li>\n<li>Construido con materiales duraderos para una conexi\u00f3n resistente y segura.<\/li>\n<li>Dise\u00f1o en forma de &#8216;T&#8217; que permite dirigir el flujo en \u00e1ngulo de 90 grados.<\/li>\n<li>Evita fugas y asegura un flujo fluido y seguro en el sistema.<\/li>\n<li>Compatible con sistemas de plomer\u00eda, aire comprimido y otros equipos.<\/li>\n<\/ul>\n<p>Optimiza tus sistemas de tuber\u00edas con nuestro Fitin Racor Tee. Asegura conexiones precisas y vers\u00e1tiles, ofreciendo un flujo de l\u00edquidos o aire sin interrupciones y una funcionalidad confiable en tus equipos.<\/p>\n<p>Obt\u00e9n m\u00e1s informaci\u00f3n de productos similares<\/p>\n<p><a href=\"https:\/\/sominastock.com\/index.php\/categoria-producto\/racores\/\">https:\/\/sominastock.com\/index.php\/categoria-producto\/racores\/<\/a><\/p>\n","protected":false},"excerpt":{"rendered":"<p><strong>Tee<\/strong><\/p>\n<p>Racor de tres orificios, hecho de bronce.<\/p>\n","protected":false},"featured_media":1474,"comment_status":"open","ping_status":"closed","template":"","meta":[],"product_brand":[],"product_cat":[43],"product_tag":[],"class_list":{"0":"post-396","1":"product","2":"type-product","3":"status-publish","4":"has-post-thumbnail","6":"product_cat-racores","8":"first","9":"instock","10":"taxable","11":"shipping-taxable","12":"purchasable","13":"product-type-simple"},"yoast_head":"<!-- This site is optimized with the Yoast SEO plugin v27.4 - https:\/\/yoast.com\/product\/yoast-seo-wordpress\/ -->\n<title>Tee Racor - Repuestos Dentales Somina<\/title>\n<meta name=\"description\" content=\"Fitin racor tee garantiza una conexi\u00f3n resistente y segura, evitando fugas y asegurando un flujo fluido en el sistema y dise\u00f1o en forma de &#039;T&#039;.\" \/>\n<meta name=\"robots\" content=\"index, follow, max-snippet:-1, max-image-preview:large, max-video-preview:-1\" \/>\n<link rel=\"canonical\" href=\"https:\/\/sominastock.com\/index.php\/producto\/fitin-racor-tee\/\" \/>\n<meta property=\"og:locale\" content=\"es_ES\" \/>\n<meta property=\"og:type\" content=\"article\" \/>\n<meta property=\"og:title\" content=\"Tee Racor - Repuestos Dentales Somina\" \/>\n<meta property=\"og:description\" content=\"Fitin racor tee garantiza una conexi\u00f3n resistente y segura, evitando fugas y asegurando un flujo fluido en el sistema y dise\u00f1o en forma de &#039;T&#039;.\" \/>\n<meta property=\"og:url\" content=\"https:\/\/sominastock.com\/index.php\/producto\/fitin-racor-tee\/\" \/>\n<meta property=\"og:site_name\" content=\"Repuestos Dentales Somina\" \/>\n<meta property=\"article:modified_time\" content=\"2026-04-07T23:04:19+00:00\" \/>\n<meta property=\"og:image\" content=\"http:\/\/sominastock.com\/wp-content\/uploads\/2021\/12\/Tee-Hembra-1.png\" \/>\n\t<meta property=\"og:image:width\" content=\"800\" \/>\n\t<meta property=\"og:image:height\" content=\"800\" \/>\n\t<meta property=\"og:image:type\" content=\"image\/png\" \/>\n<meta name=\"twitter:card\" content=\"summary_large_image\" \/>\n<meta name=\"twitter:label1\" content=\"Tiempo de lectura\" \/>\n\t<meta name=\"twitter:data1\" content=\"2 minutos\" \/>\n<script type=\"application\/ld+json\" class=\"yoast-schema-graph\">{\"@context\":\"https:\\\/\\\/schema.org\",\"@graph\":[{\"@type\":\"WebPage\",\"@id\":\"https:\\\/\\\/sominastock.com\\\/index.php\\\/producto\\\/fitin-racor-tee\\\/\",\"url\":\"https:\\\/\\\/sominastock.com\\\/index.php\\\/producto\\\/fitin-racor-tee\\\/\",\"name\":\"Tee Racor - Repuestos Dentales Somina\",\"isPartOf\":{\"@id\":\"https:\\\/\\\/sominastock.com\\\/#website\"},\"primaryImageOfPage\":{\"@id\":\"https:\\\/\\\/sominastock.com\\\/index.php\\\/producto\\\/fitin-racor-tee\\\/#primaryimage\"},\"image\":{\"@id\":\"https:\\\/\\\/sominastock.com\\\/index.php\\\/producto\\\/fitin-racor-tee\\\/#primaryimage\"},\"thumbnailUrl\":\"https:\\\/\\\/sominastock.com\\\/wp-content\\\/uploads\\\/2021\\\/12\\\/Tee-Hembra-1.png\",\"datePublished\":\"2021-12-06T22:02:54+00:00\",\"dateModified\":\"2026-04-07T23:04:19+00:00\",\"description\":\"Fitin racor tee garantiza una conexi\u00f3n resistente y segura, evitando fugas y asegurando un flujo fluido en el sistema y dise\u00f1o en forma de 'T'.\",\"breadcrumb\":{\"@id\":\"https:\\\/\\\/sominastock.com\\\/index.php\\\/producto\\\/fitin-racor-tee\\\/#breadcrumb\"},\"inLanguage\":\"es\",\"potentialAction\":[{\"@type\":\"ReadAction\",\"target\":[\"https:\\\/\\\/sominastock.com\\\/index.php\\\/producto\\\/fitin-racor-tee\\\/\"]}]},{\"@type\":\"ImageObject\",\"inLanguage\":\"es\",\"@id\":\"https:\\\/\\\/sominastock.com\\\/index.php\\\/producto\\\/fitin-racor-tee\\\/#primaryimage\",\"url\":\"https:\\\/\\\/sominastock.com\\\/wp-content\\\/uploads\\\/2021\\\/12\\\/Tee-Hembra-1.png\",\"contentUrl\":\"https:\\\/\\\/sominastock.com\\\/wp-content\\\/uploads\\\/2021\\\/12\\\/Tee-Hembra-1.png\",\"width\":800,\"height\":800},{\"@type\":\"BreadcrumbList\",\"@id\":\"https:\\\/\\\/sominastock.com\\\/index.php\\\/producto\\\/fitin-racor-tee\\\/#breadcrumb\",\"itemListElement\":[{\"@type\":\"ListItem\",\"position\":1,\"name\":\"Portada\",\"item\":\"https:\\\/\\\/sominastock.com\\\/\"},{\"@type\":\"ListItem\",\"position\":2,\"name\":\"Tienda\",\"item\":\"https:\\\/\\\/sominastock.com\\\/index.php\\\/tienda\\\/\"},{\"@type\":\"ListItem\",\"position\":3,\"name\":\"Tee Racor\"}]},{\"@type\":\"WebSite\",\"@id\":\"https:\\\/\\\/sominastock.com\\\/#website\",\"url\":\"https:\\\/\\\/sominastock.com\\\/\",\"name\":\"Repuestos Dentales Somina\",\"description\":\"Repuestos para unidades dentales\",\"publisher\":{\"@id\":\"https:\\\/\\\/sominastock.com\\\/#organization\"},\"potentialAction\":[{\"@type\":\"SearchAction\",\"target\":{\"@type\":\"EntryPoint\",\"urlTemplate\":\"https:\\\/\\\/sominastock.com\\\/?s={search_term_string}\"},\"query-input\":{\"@type\":\"PropertyValueSpecification\",\"valueRequired\":true,\"valueName\":\"search_term_string\"}}],\"inLanguage\":\"es\"},{\"@type\":\"Organization\",\"@id\":\"https:\\\/\\\/sominastock.com\\\/#organization\",\"name\":\"Repuestos Dentales Somina\",\"url\":\"https:\\\/\\\/sominastock.com\\\/\",\"logo\":{\"@type\":\"ImageObject\",\"inLanguage\":\"es\",\"@id\":\"https:\\\/\\\/sominastock.com\\\/#\\\/schema\\\/logo\\\/image\\\/\",\"url\":\"https:\\\/\\\/sominastock.com\\\/wp-content\\\/uploads\\\/2024\\\/10\\\/cropped-icono-Photoroom.png\",\"contentUrl\":\"https:\\\/\\\/sominastock.com\\\/wp-content\\\/uploads\\\/2024\\\/10\\\/cropped-icono-Photoroom.png\",\"width\":512,\"height\":512,\"caption\":\"Repuestos Dentales Somina\"},\"image\":{\"@id\":\"https:\\\/\\\/sominastock.com\\\/#\\\/schema\\\/logo\\\/image\\\/\"}}]}<\/script>\n<!-- \/ Yoast SEO plugin. -->","yoast_head_json":{"title":"Tee Racor - Repuestos Dentales Somina","description":"Fitin racor tee garantiza una conexi\u00f3n resistente y segura, evitando fugas y asegurando un flujo fluido en el sistema y dise\u00f1o en forma de 'T'.","robots":{"index":"index","follow":"follow","max-snippet":"max-snippet:-1","max-image-preview":"max-image-preview:large","max-video-preview":"max-video-preview:-1"},"canonical":"https:\/\/sominastock.com\/index.php\/producto\/fitin-racor-tee\/","og_locale":"es_ES","og_type":"article","og_title":"Tee Racor - Repuestos Dentales Somina","og_description":"Fitin racor tee garantiza una conexi\u00f3n resistente y segura, evitando fugas y asegurando un flujo fluido en el sistema y dise\u00f1o en forma de 'T'.","og_url":"https:\/\/sominastock.com\/index.php\/producto\/fitin-racor-tee\/","og_site_name":"Repuestos Dentales Somina","article_modified_time":"2026-04-07T23:04:19+00:00","og_image":[{"width":800,"height":800,"url":"http:\/\/sominastock.com\/wp-content\/uploads\/2021\/12\/Tee-Hembra-1.png","type":"image\/png"}],"twitter_card":"summary_large_image","twitter_misc":{"Tiempo de lectura":"2 minutos"},"schema":{"@context":"https:\/\/schema.org","@graph":[{"@type":"WebPage","@id":"https:\/\/sominastock.com\/index.php\/producto\/fitin-racor-tee\/","url":"https:\/\/sominastock.com\/index.php\/producto\/fitin-racor-tee\/","name":"Tee Racor - Repuestos Dentales Somina","isPartOf":{"@id":"https:\/\/sominastock.com\/#website"},"primaryImageOfPage":{"@id":"https:\/\/sominastock.com\/index.php\/producto\/fitin-racor-tee\/#primaryimage"},"image":{"@id":"https:\/\/sominastock.com\/index.php\/producto\/fitin-racor-tee\/#primaryimage"},"thumbnailUrl":"https:\/\/sominastock.com\/wp-content\/uploads\/2021\/12\/Tee-Hembra-1.png","datePublished":"2021-12-06T22:02:54+00:00","dateModified":"2026-04-07T23:04:19+00:00","description":"Fitin racor tee garantiza una conexi\u00f3n resistente y segura, evitando fugas y asegurando un flujo fluido en el sistema y dise\u00f1o en forma de 'T'.","breadcrumb":{"@id":"https:\/\/sominastock.com\/index.php\/producto\/fitin-racor-tee\/#breadcrumb"},"inLanguage":"es","potentialAction":[{"@type":"ReadAction","target":["https:\/\/sominastock.com\/index.php\/producto\/fitin-racor-tee\/"]}]},{"@type":"ImageObject","inLanguage":"es","@id":"https:\/\/sominastock.com\/index.php\/producto\/fitin-racor-tee\/#primaryimage","url":"https:\/\/sominastock.com\/wp-content\/uploads\/2021\/12\/Tee-Hembra-1.png","contentUrl":"https:\/\/sominastock.com\/wp-content\/uploads\/2021\/12\/Tee-Hembra-1.png","width":800,"height":800},{"@type":"BreadcrumbList","@id":"https:\/\/sominastock.com\/index.php\/producto\/fitin-racor-tee\/#breadcrumb","itemListElement":[{"@type":"ListItem","position":1,"name":"Portada","item":"https:\/\/sominastock.com\/"},{"@type":"ListItem","position":2,"name":"Tienda","item":"https:\/\/sominastock.com\/index.php\/tienda\/"},{"@type":"ListItem","position":3,"name":"Tee Racor"}]},{"@type":"WebSite","@id":"https:\/\/sominastock.com\/#website","url":"https:\/\/sominastock.com\/","name":"Repuestos Dentales Somina","description":"Repuestos para unidades dentales","publisher":{"@id":"https:\/\/sominastock.com\/#organization"},"potentialAction":[{"@type":"SearchAction","target":{"@type":"EntryPoint","urlTemplate":"https:\/\/sominastock.com\/?s={search_term_string}"},"query-input":{"@type":"PropertyValueSpecification","valueRequired":true,"valueName":"search_term_string"}}],"inLanguage":"es"},{"@type":"Organization","@id":"https:\/\/sominastock.com\/#organization","name":"Repuestos Dentales Somina","url":"https:\/\/sominastock.com\/","logo":{"@type":"ImageObject","inLanguage":"es","@id":"https:\/\/sominastock.com\/#\/schema\/logo\/image\/","url":"https:\/\/sominastock.com\/wp-content\/uploads\/2024\/10\/cropped-icono-Photoroom.png","contentUrl":"https:\/\/sominastock.com\/wp-content\/uploads\/2024\/10\/cropped-icono-Photoroom.png","width":512,"height":512,"caption":"Repuestos Dentales Somina"},"image":{"@id":"https:\/\/sominastock.com\/#\/schema\/logo\/image\/"}}]}},"_links":{"self":[{"href":"https:\/\/sominastock.com\/index.php\/wp-json\/wp\/v2\/product\/396","targetHints":{"allow":["GET"]}}],"collection":[{"href":"https:\/\/sominastock.com\/index.php\/wp-json\/wp\/v2\/product"}],"about":[{"href":"https:\/\/sominastock.com\/index.php\/wp-json\/wp\/v2\/types\/product"}],"replies":[{"embeddable":true,"href":"https:\/\/sominastock.com\/index.php\/wp-json\/wp\/v2\/comments?post=396"}],"wp:featuredmedia":[{"embeddable":true,"href":"https:\/\/sominastock.com\/index.php\/wp-json\/wp\/v2\/media\/1474"}],"wp:attachment":[{"href":"https:\/\/sominastock.com\/index.php\/wp-json\/wp\/v2\/media?parent=396"}],"wp:term":[{"taxonomy":"product_brand","embeddable":true,"href":"https:\/\/sominastock.com\/index.php\/wp-json\/wp\/v2\/product_brand?post=396"},{"taxonomy":"product_cat","embeddable":true,"href":"https:\/\/sominastock.com\/index.php\/wp-json\/wp\/v2\/product_cat?post=396"},{"taxonomy":"product_tag","embeddable":true,"href":"https:\/\/sominastock.com\/index.php\/wp-json\/wp\/v2\/product_tag?post=396"}],"curies":[{"name":"wp","href":"https:\/\/api.w.org\/{rel}","templated":true}]}}