{"id":398,"date":"2021-12-06T22:02:55","date_gmt":"2021-12-06T22:02:55","guid":{"rendered":"https:\/\/sominastock.com\/?post_type=product&#038;p=398"},"modified":"2026-04-07T23:04:19","modified_gmt":"2026-04-07T23:04:19","slug":"fitin-racor-1-8","status":"publish","type":"product","link":"https:\/\/sominastock.com\/index.php\/producto\/fitin-racor-1-8\/","title":{"rendered":"Fitin Racor 1\/8"},"content":{"rendered":"<p>Optimiza las conexiones en tu equipo m\u00e9dico con nuestro Fitin Racor 1\/8 Esta pieza esencial est\u00e1 dise\u00f1ada para ofrecer conexiones precisas y confiables entre tuber\u00edas o mangueras de 1\/8 de pulgada, asegurando un flujo fluido y seguro en sistemas de odontolog\u00eda y otros dispositivos m\u00e9dicos.<\/p>\n<p>Construido con materiales duraderos y de calidad, nuestro racor garantiza una conexi\u00f3n resistente y segura, evitando fugas y asegurando la integridad del sistema. Su dise\u00f1o compacto y de f\u00e1cil instalaci\u00f3n lo convierte en una soluci\u00f3n pr\u00e1ctica para mejorar la eficiencia y funcionalidad de tu equipo m\u00e9dico.<\/p>\n<p><strong>Caracter\u00edsticas destacadas:<\/strong><\/p>\n<ul>\n<li>Racor o fitin de 1\/8 para conexiones precisas en equipos m\u00e9dicos.<\/li>\n<li>Construido con materiales duraderos y de calidad para una conexi\u00f3n resistente.<\/li>\n<li>Evita fugas y asegura un flujo fluido y seguro en el sistema.<\/li>\n<li>Dise\u00f1o compacto y de f\u00e1cil instalaci\u00f3n para mejorar la eficiencia del equipo.<\/li>\n<li>Compatible con sistemas de odontolog\u00eda y otros dispositivos m\u00e9dicos.<\/li>\n<\/ul>\n<p>Optimiza las conexiones en tu equipo m\u00e9dico con nuestro Fitin Racor 1\/8. Garantiza un flujo de trabajo fluido y seguro, ofreciendo conexiones confiables y duraderas en sistemas de odontolog\u00eda y otros equipos m\u00e9dicos.<\/p>\n<p>Obt\u00e9n m\u00e1s informaci\u00f3n de productos similares<\/p>\n<p><a href=\"https:\/\/sominastock.com\/index.php\/categoria-producto\/racores\/\">https:\/\/sominastock.com\/index.php\/categoria-producto\/racores\/<\/a><\/p>\n","protected":false},"excerpt":{"rendered":"<p><strong>Fitting-Racor 1\/8 <\/strong><\/p>\n<p>Racor 1\/8\u00a0 que tiene como funci\u00f3n conectar manguera de 1\/8 a\u00a0 rosca de 1\/16, la cual es el est\u00e1ndar que se maneja en la parte dental en Colombia.<\/p>\n<ul>\n<li>Bronce<\/li>\n<\/ul>\n","protected":false},"featured_media":1448,"comment_status":"open","ping_status":"closed","template":"","meta":[],"product_brand":[],"product_cat":[43],"product_tag":[],"class_list":{"0":"post-398","1":"product","2":"type-product","3":"status-publish","4":"has-post-thumbnail","6":"product_cat-racores","8":"first","9":"instock","10":"taxable","11":"shipping-taxable","12":"purchasable","13":"product-type-simple"},"yoast_head":"<!-- This site is optimized with the Yoast SEO plugin v27.4 - https:\/\/yoast.com\/product\/yoast-seo-wordpress\/ -->\n<title>Fitin Racor 1\/8 - Repuestos Dentales Somina<\/title>\n<meta name=\"description\" content=\"Fitin Racor 1\/8: Construido con materiales duraderos y de calidad, nuestro racor garantiza una conexi\u00f3n resistente y segura.\" \/>\n<meta name=\"robots\" content=\"index, follow, max-snippet:-1, max-image-preview:large, max-video-preview:-1\" \/>\n<link rel=\"canonical\" href=\"https:\/\/sominastock.com\/index.php\/producto\/fitin-racor-1-8\/\" \/>\n<meta property=\"og:locale\" content=\"es_ES\" \/>\n<meta property=\"og:type\" content=\"article\" \/>\n<meta property=\"og:title\" content=\"Fitin Racor 1\/8 - Repuestos Dentales Somina\" \/>\n<meta property=\"og:description\" content=\"Fitin Racor 1\/8: Construido con materiales duraderos y de calidad, nuestro racor garantiza una conexi\u00f3n resistente y segura.\" \/>\n<meta property=\"og:url\" content=\"https:\/\/sominastock.com\/index.php\/producto\/fitin-racor-1-8\/\" \/>\n<meta property=\"og:site_name\" content=\"Repuestos Dentales Somina\" \/>\n<meta property=\"article:modified_time\" content=\"2026-04-07T23:04:19+00:00\" \/>\n<meta property=\"og:image\" content=\"http:\/\/sominastock.com\/wp-content\/uploads\/2021\/12\/Racores-18-2.png\" \/>\n\t<meta property=\"og:image:width\" content=\"800\" \/>\n\t<meta property=\"og:image:height\" content=\"800\" \/>\n\t<meta property=\"og:image:type\" content=\"image\/png\" \/>\n<meta name=\"twitter:card\" content=\"summary_large_image\" \/>\n<meta name=\"twitter:label1\" content=\"Tiempo de lectura\" \/>\n\t<meta name=\"twitter:data1\" content=\"2 minutos\" \/>\n<script type=\"application\/ld+json\" class=\"yoast-schema-graph\">{\"@context\":\"https:\\\/\\\/schema.org\",\"@graph\":[{\"@type\":\"WebPage\",\"@id\":\"https:\\\/\\\/sominastock.com\\\/index.php\\\/producto\\\/fitin-racor-1-8\\\/\",\"url\":\"https:\\\/\\\/sominastock.com\\\/index.php\\\/producto\\\/fitin-racor-1-8\\\/\",\"name\":\"Fitin Racor 1\\\/8 - Repuestos Dentales Somina\",\"isPartOf\":{\"@id\":\"https:\\\/\\\/sominastock.com\\\/#website\"},\"primaryImageOfPage\":{\"@id\":\"https:\\\/\\\/sominastock.com\\\/index.php\\\/producto\\\/fitin-racor-1-8\\\/#primaryimage\"},\"image\":{\"@id\":\"https:\\\/\\\/sominastock.com\\\/index.php\\\/producto\\\/fitin-racor-1-8\\\/#primaryimage\"},\"thumbnailUrl\":\"https:\\\/\\\/sominastock.com\\\/wp-content\\\/uploads\\\/2021\\\/12\\\/Racores-18-2.png\",\"datePublished\":\"2021-12-06T22:02:55+00:00\",\"dateModified\":\"2026-04-07T23:04:19+00:00\",\"description\":\"Fitin Racor 1\\\/8: Construido con materiales duraderos y de calidad, nuestro racor garantiza una conexi\u00f3n resistente y segura.\",\"breadcrumb\":{\"@id\":\"https:\\\/\\\/sominastock.com\\\/index.php\\\/producto\\\/fitin-racor-1-8\\\/#breadcrumb\"},\"inLanguage\":\"es\",\"potentialAction\":[{\"@type\":\"ReadAction\",\"target\":[\"https:\\\/\\\/sominastock.com\\\/index.php\\\/producto\\\/fitin-racor-1-8\\\/\"]}]},{\"@type\":\"ImageObject\",\"inLanguage\":\"es\",\"@id\":\"https:\\\/\\\/sominastock.com\\\/index.php\\\/producto\\\/fitin-racor-1-8\\\/#primaryimage\",\"url\":\"https:\\\/\\\/sominastock.com\\\/wp-content\\\/uploads\\\/2021\\\/12\\\/Racores-18-2.png\",\"contentUrl\":\"https:\\\/\\\/sominastock.com\\\/wp-content\\\/uploads\\\/2021\\\/12\\\/Racores-18-2.png\",\"width\":800,\"height\":800},{\"@type\":\"BreadcrumbList\",\"@id\":\"https:\\\/\\\/sominastock.com\\\/index.php\\\/producto\\\/fitin-racor-1-8\\\/#breadcrumb\",\"itemListElement\":[{\"@type\":\"ListItem\",\"position\":1,\"name\":\"Portada\",\"item\":\"https:\\\/\\\/sominastock.com\\\/\"},{\"@type\":\"ListItem\",\"position\":2,\"name\":\"Tienda\",\"item\":\"https:\\\/\\\/sominastock.com\\\/index.php\\\/tienda\\\/\"},{\"@type\":\"ListItem\",\"position\":3,\"name\":\"Fitin Racor 1\\\/8\"}]},{\"@type\":\"WebSite\",\"@id\":\"https:\\\/\\\/sominastock.com\\\/#website\",\"url\":\"https:\\\/\\\/sominastock.com\\\/\",\"name\":\"Repuestos Dentales Somina\",\"description\":\"Repuestos para unidades dentales\",\"publisher\":{\"@id\":\"https:\\\/\\\/sominastock.com\\\/#organization\"},\"potentialAction\":[{\"@type\":\"SearchAction\",\"target\":{\"@type\":\"EntryPoint\",\"urlTemplate\":\"https:\\\/\\\/sominastock.com\\\/?s={search_term_string}\"},\"query-input\":{\"@type\":\"PropertyValueSpecification\",\"valueRequired\":true,\"valueName\":\"search_term_string\"}}],\"inLanguage\":\"es\"},{\"@type\":\"Organization\",\"@id\":\"https:\\\/\\\/sominastock.com\\\/#organization\",\"name\":\"Repuestos Dentales Somina\",\"url\":\"https:\\\/\\\/sominastock.com\\\/\",\"logo\":{\"@type\":\"ImageObject\",\"inLanguage\":\"es\",\"@id\":\"https:\\\/\\\/sominastock.com\\\/#\\\/schema\\\/logo\\\/image\\\/\",\"url\":\"https:\\\/\\\/sominastock.com\\\/wp-content\\\/uploads\\\/2024\\\/10\\\/cropped-icono-Photoroom.png\",\"contentUrl\":\"https:\\\/\\\/sominastock.com\\\/wp-content\\\/uploads\\\/2024\\\/10\\\/cropped-icono-Photoroom.png\",\"width\":512,\"height\":512,\"caption\":\"Repuestos Dentales Somina\"},\"image\":{\"@id\":\"https:\\\/\\\/sominastock.com\\\/#\\\/schema\\\/logo\\\/image\\\/\"}}]}<\/script>\n<!-- \/ Yoast SEO plugin. -->","yoast_head_json":{"title":"Fitin Racor 1\/8 - Repuestos Dentales Somina","description":"Fitin Racor 1\/8: Construido con materiales duraderos y de calidad, nuestro racor garantiza una conexi\u00f3n resistente y segura.","robots":{"index":"index","follow":"follow","max-snippet":"max-snippet:-1","max-image-preview":"max-image-preview:large","max-video-preview":"max-video-preview:-1"},"canonical":"https:\/\/sominastock.com\/index.php\/producto\/fitin-racor-1-8\/","og_locale":"es_ES","og_type":"article","og_title":"Fitin Racor 1\/8 - Repuestos Dentales Somina","og_description":"Fitin Racor 1\/8: Construido con materiales duraderos y de calidad, nuestro racor garantiza una conexi\u00f3n resistente y segura.","og_url":"https:\/\/sominastock.com\/index.php\/producto\/fitin-racor-1-8\/","og_site_name":"Repuestos Dentales Somina","article_modified_time":"2026-04-07T23:04:19+00:00","og_image":[{"width":800,"height":800,"url":"http:\/\/sominastock.com\/wp-content\/uploads\/2021\/12\/Racores-18-2.png","type":"image\/png"}],"twitter_card":"summary_large_image","twitter_misc":{"Tiempo de lectura":"2 minutos"},"schema":{"@context":"https:\/\/schema.org","@graph":[{"@type":"WebPage","@id":"https:\/\/sominastock.com\/index.php\/producto\/fitin-racor-1-8\/","url":"https:\/\/sominastock.com\/index.php\/producto\/fitin-racor-1-8\/","name":"Fitin Racor 1\/8 - Repuestos Dentales Somina","isPartOf":{"@id":"https:\/\/sominastock.com\/#website"},"primaryImageOfPage":{"@id":"https:\/\/sominastock.com\/index.php\/producto\/fitin-racor-1-8\/#primaryimage"},"image":{"@id":"https:\/\/sominastock.com\/index.php\/producto\/fitin-racor-1-8\/#primaryimage"},"thumbnailUrl":"https:\/\/sominastock.com\/wp-content\/uploads\/2021\/12\/Racores-18-2.png","datePublished":"2021-12-06T22:02:55+00:00","dateModified":"2026-04-07T23:04:19+00:00","description":"Fitin Racor 1\/8: Construido con materiales duraderos y de calidad, nuestro racor garantiza una conexi\u00f3n resistente y segura.","breadcrumb":{"@id":"https:\/\/sominastock.com\/index.php\/producto\/fitin-racor-1-8\/#breadcrumb"},"inLanguage":"es","potentialAction":[{"@type":"ReadAction","target":["https:\/\/sominastock.com\/index.php\/producto\/fitin-racor-1-8\/"]}]},{"@type":"ImageObject","inLanguage":"es","@id":"https:\/\/sominastock.com\/index.php\/producto\/fitin-racor-1-8\/#primaryimage","url":"https:\/\/sominastock.com\/wp-content\/uploads\/2021\/12\/Racores-18-2.png","contentUrl":"https:\/\/sominastock.com\/wp-content\/uploads\/2021\/12\/Racores-18-2.png","width":800,"height":800},{"@type":"BreadcrumbList","@id":"https:\/\/sominastock.com\/index.php\/producto\/fitin-racor-1-8\/#breadcrumb","itemListElement":[{"@type":"ListItem","position":1,"name":"Portada","item":"https:\/\/sominastock.com\/"},{"@type":"ListItem","position":2,"name":"Tienda","item":"https:\/\/sominastock.com\/index.php\/tienda\/"},{"@type":"ListItem","position":3,"name":"Fitin Racor 1\/8"}]},{"@type":"WebSite","@id":"https:\/\/sominastock.com\/#website","url":"https:\/\/sominastock.com\/","name":"Repuestos Dentales Somina","description":"Repuestos para unidades dentales","publisher":{"@id":"https:\/\/sominastock.com\/#organization"},"potentialAction":[{"@type":"SearchAction","target":{"@type":"EntryPoint","urlTemplate":"https:\/\/sominastock.com\/?s={search_term_string}"},"query-input":{"@type":"PropertyValueSpecification","valueRequired":true,"valueName":"search_term_string"}}],"inLanguage":"es"},{"@type":"Organization","@id":"https:\/\/sominastock.com\/#organization","name":"Repuestos Dentales Somina","url":"https:\/\/sominastock.com\/","logo":{"@type":"ImageObject","inLanguage":"es","@id":"https:\/\/sominastock.com\/#\/schema\/logo\/image\/","url":"https:\/\/sominastock.com\/wp-content\/uploads\/2024\/10\/cropped-icono-Photoroom.png","contentUrl":"https:\/\/sominastock.com\/wp-content\/uploads\/2024\/10\/cropped-icono-Photoroom.png","width":512,"height":512,"caption":"Repuestos Dentales Somina"},"image":{"@id":"https:\/\/sominastock.com\/#\/schema\/logo\/image\/"}}]}},"_links":{"self":[{"href":"https:\/\/sominastock.com\/index.php\/wp-json\/wp\/v2\/product\/398","targetHints":{"allow":["GET"]}}],"collection":[{"href":"https:\/\/sominastock.com\/index.php\/wp-json\/wp\/v2\/product"}],"about":[{"href":"https:\/\/sominastock.com\/index.php\/wp-json\/wp\/v2\/types\/product"}],"replies":[{"embeddable":true,"href":"https:\/\/sominastock.com\/index.php\/wp-json\/wp\/v2\/comments?post=398"}],"wp:featuredmedia":[{"embeddable":true,"href":"https:\/\/sominastock.com\/index.php\/wp-json\/wp\/v2\/media\/1448"}],"wp:attachment":[{"href":"https:\/\/sominastock.com\/index.php\/wp-json\/wp\/v2\/media?parent=398"}],"wp:term":[{"taxonomy":"product_brand","embeddable":true,"href":"https:\/\/sominastock.com\/index.php\/wp-json\/wp\/v2\/product_brand?post=398"},{"taxonomy":"product_cat","embeddable":true,"href":"https:\/\/sominastock.com\/index.php\/wp-json\/wp\/v2\/product_cat?post=398"},{"taxonomy":"product_tag","embeddable":true,"href":"https:\/\/sominastock.com\/index.php\/wp-json\/wp\/v2\/product_tag?post=398"}],"curies":[{"name":"wp","href":"https:\/\/api.w.org\/{rel}","templated":true}]}}